{"id":13569,"date":"2022-09-15T08:57:19","date_gmt":"2022-09-15T08:57:19","guid":{"rendered":"https:\/\/skin2go.r-s.space\/product\/ak-47-green-laminate\/"},"modified":"2025-08-21T13:51:27","modified_gmt":"2025-08-21T13:51:27","slug":"ak-47-green-laminate","status":"publish","type":"product","link":"https:\/\/skintrade.org\/pt-pt\/produto\/ak-47-green-laminate\/","title":{"rendered":"Green Laminate"},"content":{"rendered":"<p>A coronha, o guarda-m\u00e3o e a pega s\u00e3o feitos de madeira e parcialmente pintados de verde. As partes met\u00e1licas do corpo permanecem sem pintura.<\/p>\n","protected":false},"excerpt":{"rendered":"<p>A coronha, o guarda-m\u00e3o e a pega s\u00e3o feitos de madeira e parcialmente pintados de verde. As partes met\u00e1licas do corpo permanecem sem pintura.<\/p>\n","protected":false},"featured_media":12202,"template":"","meta":[],"product_brand":[],"product_cat":[280,268,269],"product_tag":[],"class_list":{"0":"post-13569","1":"product","2":"type-product","3":"status-publish","4":"has-post-thumbnail","6":"product_cat-a-colecao-vertigo-2021","7":"product_cat-ak-47-pt-pt-espingarda","8":"product_cat-espingarda","9":"pa_rarity-padrao-militar","10":"pa_start-three-stars-pt-pt","11":"pa_subcategories-ak-47-pt-pt","13":"first","14":"instock","15":"shipping-taxable","16":"purchasable","17":"product-type-simple"},"_links":{"self":[{"href":"https:\/\/skintrade.org\/pt-pt\/wp-json\/wp\/v2\/product\/13569","targetHints":{"allow":["GET"]}}],"collection":[{"href":"https:\/\/skintrade.org\/pt-pt\/wp-json\/wp\/v2\/product"}],"about":[{"href":"https:\/\/skintrade.org\/pt-pt\/wp-json\/wp\/v2\/types\/product"}],"wp:featuredmedia":[{"embeddable":true,"href":"https:\/\/skintrade.org\/pt-pt\/wp-json\/wp\/v2\/media\/12202"}],"wp:attachment":[{"href":"https:\/\/skintrade.org\/pt-pt\/wp-json\/wp\/v2\/media?parent=13569"}],"wp:term":[{"taxonomy":"product_brand","embeddable":true,"href":"https:\/\/skintrade.org\/pt-pt\/wp-json\/wp\/v2\/product_brand?post=13569"},{"taxonomy":"product_cat","embeddable":true,"href":"https:\/\/skintrade.org\/pt-pt\/wp-json\/wp\/v2\/product_cat?post=13569"},{"taxonomy":"product_tag","embeddable":true,"href":"https:\/\/skintrade.org\/pt-pt\/wp-json\/wp\/v2\/product_tag?post=13569"}],"curies":[{"name":"wp","href":"https:\/\/api.w.org\/{rel}","templated":true}]}}