{"id":13568,"date":"2022-09-15T08:59:15","date_gmt":"2022-09-15T08:59:15","guid":{"rendered":"https:\/\/skin2go.r-s.space\/product\/nova-interlock\/"},"modified":"2025-08-21T13:51:36","modified_gmt":"2025-08-21T13:51:36","slug":"nova-interlock","status":"publish","type":"product","link":"https:\/\/skintrade.org\/pt-pt\/produto\/nova-interlock\/","title":{"rendered":"Interlock"},"content":{"rendered":"<p>O receptor e a coronha da espingarda foram pintados com um padr\u00e3o geom\u00e9trico amarelo e azul sob a forma de objectos 3D entrela\u00e7ados. O guarda-m\u00e3o e a parte posterior da coronha s\u00e3o azuis escuros. O cano est\u00e1 pintado de amarelo s\u00f3lido.<\/p>\n","protected":false},"excerpt":{"rendered":"<p>O receptor e a coronha da espingarda foram pintados com um padr\u00e3o geom\u00e9trico amarelo e azul sob a forma de objectos 3D entrela\u00e7ados. O guarda-m\u00e3o e a parte posterior da coronha s\u00e3o azuis escuros. O cano est\u00e1 pintado de amarelo s\u00f3lido.<\/p>\n","protected":false},"featured_media":12205,"template":"","meta":[],"product_brand":[],"product_cat":[280,294,298],"product_tag":[],"class_list":{"0":"post-13568","1":"product","2":"type-product","3":"status-publish","4":"has-post-thumbnail","6":"product_cat-a-colecao-vertigo-2021","7":"product_cat-arma-pesada","8":"product_cat-nova-pt-pt","9":"pa_rarity-padrao-militar","10":"pa_subcategories-nova-pt-pt","12":"first","13":"instock","14":"shipping-taxable","15":"purchasable","16":"product-type-simple"},"_links":{"self":[{"href":"https:\/\/skintrade.org\/pt-pt\/wp-json\/wp\/v2\/product\/13568","targetHints":{"allow":["GET"]}}],"collection":[{"href":"https:\/\/skintrade.org\/pt-pt\/wp-json\/wp\/v2\/product"}],"about":[{"href":"https:\/\/skintrade.org\/pt-pt\/wp-json\/wp\/v2\/types\/product"}],"wp:featuredmedia":[{"embeddable":true,"href":"https:\/\/skintrade.org\/pt-pt\/wp-json\/wp\/v2\/media\/12205"}],"wp:attachment":[{"href":"https:\/\/skintrade.org\/pt-pt\/wp-json\/wp\/v2\/media?parent=13568"}],"wp:term":[{"taxonomy":"product_brand","embeddable":true,"href":"https:\/\/skintrade.org\/pt-pt\/wp-json\/wp\/v2\/product_brand?post=13568"},{"taxonomy":"product_cat","embeddable":true,"href":"https:\/\/skintrade.org\/pt-pt\/wp-json\/wp\/v2\/product_cat?post=13568"},{"taxonomy":"product_tag","embeddable":true,"href":"https:\/\/skintrade.org\/pt-pt\/wp-json\/wp\/v2\/product_tag?post=13568"}],"curies":[{"name":"wp","href":"https:\/\/api.w.org\/{rel}","templated":true}]}}