{"id":13567,"date":"2022-09-15T09:01:06","date_gmt":"2022-09-15T09:01:06","guid":{"rendered":"https:\/\/skin2go.r-s.space\/product\/negev-infrastructure\/"},"modified":"2025-08-21T13:51:27","modified_gmt":"2025-08-21T13:51:27","slug":"negev-infrastructure","status":"publish","type":"product","link":"https:\/\/skintrade.org\/pt-pt\/produto\/negev-infrastructure\/","title":{"rendered":"Infrastructure"},"content":{"rendered":"<p>O corpo desta metralhadora foi pintado com um padr\u00e3o de plano de constru\u00e7\u00e3o. O fundo \u00e9 cinzento escuro. O desenho apresenta elementos vermelhos e amarelos sob a forma de s\u00edmbolos e linhas desenhados \u00e0 m\u00e3o. As partes individuais da arma est\u00e3o pintadas de amarelo s\u00f3lido. O cano e parte da coronha s\u00e3o cinzentos escuros.<\/p>\n","protected":false},"excerpt":{"rendered":"<p>O corpo desta metralhadora foi pintado com um padr\u00e3o de plano de constru\u00e7\u00e3o. O fundo \u00e9 cinzento escuro. O desenho apresenta elementos vermelhos e amarelos sob a forma de s\u00edmbolos e linhas desenhados \u00e0 m\u00e3o. As partes individuais da arma est\u00e3o pintadas de amarelo s\u00f3lido. O cano e parte da coronha s\u00e3o cinzentos escuros.<\/p>\n","protected":false},"featured_media":12208,"template":"","meta":[],"product_brand":[],"product_cat":[280,294,297],"product_tag":[],"class_list":{"0":"post-13567","1":"product","2":"type-product","3":"status-publish","4":"has-post-thumbnail","6":"product_cat-a-colecao-vertigo-2021","7":"product_cat-arma-pesada","8":"product_cat-negev-pt-pt","9":"pa_rarity-padrao-militar","10":"pa_start-five-stars-pt-pt","11":"pa_subcategories-negev-pt-pt","13":"first","14":"instock","15":"shipping-taxable","16":"purchasable","17":"product-type-simple"},"_links":{"self":[{"href":"https:\/\/skintrade.org\/pt-pt\/wp-json\/wp\/v2\/product\/13567","targetHints":{"allow":["GET"]}}],"collection":[{"href":"https:\/\/skintrade.org\/pt-pt\/wp-json\/wp\/v2\/product"}],"about":[{"href":"https:\/\/skintrade.org\/pt-pt\/wp-json\/wp\/v2\/types\/product"}],"wp:featuredmedia":[{"embeddable":true,"href":"https:\/\/skintrade.org\/pt-pt\/wp-json\/wp\/v2\/media\/12208"}],"wp:attachment":[{"href":"https:\/\/skintrade.org\/pt-pt\/wp-json\/wp\/v2\/media?parent=13567"}],"wp:term":[{"taxonomy":"product_brand","embeddable":true,"href":"https:\/\/skintrade.org\/pt-pt\/wp-json\/wp\/v2\/product_brand?post=13567"},{"taxonomy":"product_cat","embeddable":true,"href":"https:\/\/skintrade.org\/pt-pt\/wp-json\/wp\/v2\/product_cat?post=13567"},{"taxonomy":"product_tag","embeddable":true,"href":"https:\/\/skintrade.org\/pt-pt\/wp-json\/wp\/v2\/product_tag?post=13567"}],"curies":[{"name":"wp","href":"https:\/\/api.w.org\/{rel}","templated":true}]}}