{"id":13564,"date":"2022-09-15T09:36:33","date_gmt":"2022-09-15T09:36:33","guid":{"rendered":"https:\/\/skin2go.r-s.space\/product\/glock-18-red-tire\/"},"modified":"2025-08-21T13:50:54","modified_gmt":"2025-08-21T13:50:54","slug":"glock-18-red-tire","status":"publish","type":"product","link":"https:\/\/skintrade.org\/pt-pt\/produto\/glock-18-red-tire\/","title":{"rendered":"Red Tire"},"content":{"rendered":"<p>O corpo da pistola foi pintado com um padr\u00e3o de piso de pneu. O esquema de cores da skin inclui as cores preta e vermelha. O design tamb\u00e9m apresenta riscas brancas e vermelhas e inscri\u00e7\u00f5es t\u00e9cnicas.<\/p>\n","protected":false},"excerpt":{"rendered":"<p>O corpo da pistola foi pintado com um padr\u00e3o de piso de pneu. O esquema de cores da skin inclui as cores preta e vermelha. O design tamb\u00e9m apresenta riscas brancas e vermelhas e inscri\u00e7\u00f5es t\u00e9cnicas.<\/p>\n","protected":false},"featured_media":12214,"template":"","meta":[],"product_brand":[],"product_cat":[280,326,321],"product_tag":[],"class_list":{"0":"post-13564","1":"product","2":"type-product","3":"status-publish","4":"has-post-thumbnail","6":"product_cat-a-colecao-vertigo-2021","7":"product_cat-glock-18-pt-pt","8":"product_cat-pistolas","9":"pa_rarity-padrao-industrial","10":"pa_start-two-stars-pt-pt","11":"pa_subcategories-glock-18-pt-pt","13":"first","14":"instock","15":"shipping-taxable","16":"purchasable","17":"product-type-simple"},"_links":{"self":[{"href":"https:\/\/skintrade.org\/pt-pt\/wp-json\/wp\/v2\/product\/13564","targetHints":{"allow":["GET"]}}],"collection":[{"href":"https:\/\/skintrade.org\/pt-pt\/wp-json\/wp\/v2\/product"}],"about":[{"href":"https:\/\/skintrade.org\/pt-pt\/wp-json\/wp\/v2\/types\/product"}],"wp:featuredmedia":[{"embeddable":true,"href":"https:\/\/skintrade.org\/pt-pt\/wp-json\/wp\/v2\/media\/12214"}],"wp:attachment":[{"href":"https:\/\/skintrade.org\/pt-pt\/wp-json\/wp\/v2\/media?parent=13564"}],"wp:term":[{"taxonomy":"product_brand","embeddable":true,"href":"https:\/\/skintrade.org\/pt-pt\/wp-json\/wp\/v2\/product_brand?post=13564"},{"taxonomy":"product_cat","embeddable":true,"href":"https:\/\/skintrade.org\/pt-pt\/wp-json\/wp\/v2\/product_cat?post=13564"},{"taxonomy":"product_tag","embeddable":true,"href":"https:\/\/skintrade.org\/pt-pt\/wp-json\/wp\/v2\/product_tag?post=13564"}],"curies":[{"name":"wp","href":"https:\/\/api.w.org\/{rel}","templated":true}]}}