{"id":13562,"date":"2022-09-15T09:47:09","date_gmt":"2022-09-15T09:47:09","guid":{"rendered":"https:\/\/skin2go.r-s.space\/product\/ump-45-mechanism\/"},"modified":"2025-08-21T13:50:54","modified_gmt":"2025-08-21T13:50:54","slug":"ump-45-mechanism","status":"publish","type":"product","link":"https:\/\/skintrade.org\/pt-pt\/produto\/ump-45-mechanism\/","title":{"rendered":"Mechanism"},"content":{"rendered":"<p>A carro\u00e7aria desta SMG foi pintada com um padr\u00e3o de mecanismo complexo. O esquema de cores da skin \u00e9 composto por tons de bege e castanho. O design apresenta alguns detalhes em dourado. O cano, as pegas, o carregador e a coronha permanecem sem pintura.<\/p>\n","protected":false},"excerpt":{"rendered":"<p>A carro\u00e7aria desta SMG foi pintada com um padr\u00e3o de mecanismo complexo. O esquema de cores da skin \u00e9 composto por tons de bege e castanho. O design apresenta alguns detalhes em dourado. O cano, as pegas, o carregador e a coronha permanecem sem pintura.<\/p>\n","protected":false},"featured_media":12220,"template":"","meta":[],"product_brand":[],"product_cat":[280,342,349],"product_tag":[],"class_list":{"0":"post-13562","1":"product","2":"type-product","3":"status-publish","4":"has-post-thumbnail","6":"product_cat-a-colecao-vertigo-2021","7":"product_cat-submetralhadoras","8":"product_cat-ump-45-pt-pt","9":"pa_rarity-padrao-industrial","10":"pa_start-two-stars-pt-pt","11":"pa_subcategories-ump-45-pt-pt","13":"first","14":"instock","15":"shipping-taxable","16":"purchasable","17":"product-type-simple"},"_links":{"self":[{"href":"https:\/\/skintrade.org\/pt-pt\/wp-json\/wp\/v2\/product\/13562","targetHints":{"allow":["GET"]}}],"collection":[{"href":"https:\/\/skintrade.org\/pt-pt\/wp-json\/wp\/v2\/product"}],"about":[{"href":"https:\/\/skintrade.org\/pt-pt\/wp-json\/wp\/v2\/types\/product"}],"wp:featuredmedia":[{"embeddable":true,"href":"https:\/\/skintrade.org\/pt-pt\/wp-json\/wp\/v2\/media\/12220"}],"wp:attachment":[{"href":"https:\/\/skintrade.org\/pt-pt\/wp-json\/wp\/v2\/media?parent=13562"}],"wp:term":[{"taxonomy":"product_brand","embeddable":true,"href":"https:\/\/skintrade.org\/pt-pt\/wp-json\/wp\/v2\/product_brand?post=13562"},{"taxonomy":"product_cat","embeddable":true,"href":"https:\/\/skintrade.org\/pt-pt\/wp-json\/wp\/v2\/product_cat?post=13562"},{"taxonomy":"product_tag","embeddable":true,"href":"https:\/\/skintrade.org\/pt-pt\/wp-json\/wp\/v2\/product_tag?post=13562"}],"curies":[{"name":"wp","href":"https:\/\/api.w.org\/{rel}","templated":true}]}}