{"id":13561,"date":"2022-09-15T09:51:13","date_gmt":"2022-09-15T09:51:13","guid":{"rendered":"https:\/\/skin2go.r-s.space\/product\/pp-bizon-breaker-box\/"},"modified":"2025-08-21T13:50:56","modified_gmt":"2025-08-21T13:50:56","slug":"pp-bizon-breaker-box","status":"publish","type":"product","link":"https:\/\/skintrade.org\/pt-pt\/produto\/pp-bizon-breaker-box\/","title":{"rendered":"Breaker Box"},"content":{"rendered":"<p>A carro\u00e7aria deste SMG foi pintada com um padr\u00e3o de painel el\u00e9ctrico. A skin \u00e9 pintada num esquema de cores castanho-bege e apresenta detalhes em forma de fios vermelhos. O cano, o carregador, a pega e a coronha permanecem sem pintura.<\/p>\n","protected":false},"excerpt":{"rendered":"<p>A carro\u00e7aria deste SMG foi pintada com um padr\u00e3o de painel el\u00e9ctrico. A skin \u00e9 pintada num esquema de cores castanho-bege e apresenta detalhes em forma de fios vermelhos. O cano, o carregador, a pega e a coronha permanecem sem pintura.<\/p>\n","protected":false},"featured_media":12223,"template":"","meta":[],"product_brand":[],"product_cat":[280,348,342],"product_tag":[],"class_list":{"0":"post-13561","1":"product","2":"type-product","3":"status-publish","4":"has-post-thumbnail","6":"product_cat-a-colecao-vertigo-2021","7":"product_cat-pp-bizon-pt-pt","8":"product_cat-submetralhadoras","9":"pa_rarity-padrao-industrial","10":"pa_start-four-stars-pt-pt","11":"pa_subcategories-pp-bizon-pt-pt","13":"first","14":"instock","15":"shipping-taxable","16":"purchasable","17":"product-type-simple"},"_links":{"self":[{"href":"https:\/\/skintrade.org\/pt-pt\/wp-json\/wp\/v2\/product\/13561","targetHints":{"allow":["GET"]}}],"collection":[{"href":"https:\/\/skintrade.org\/pt-pt\/wp-json\/wp\/v2\/product"}],"about":[{"href":"https:\/\/skintrade.org\/pt-pt\/wp-json\/wp\/v2\/types\/product"}],"wp:featuredmedia":[{"embeddable":true,"href":"https:\/\/skintrade.org\/pt-pt\/wp-json\/wp\/v2\/media\/12223"}],"wp:attachment":[{"href":"https:\/\/skintrade.org\/pt-pt\/wp-json\/wp\/v2\/media?parent=13561"}],"wp:term":[{"taxonomy":"product_brand","embeddable":true,"href":"https:\/\/skintrade.org\/pt-pt\/wp-json\/wp\/v2\/product_brand?post=13561"},{"taxonomy":"product_cat","embeddable":true,"href":"https:\/\/skintrade.org\/pt-pt\/wp-json\/wp\/v2\/product_cat?post=13561"},{"taxonomy":"product_tag","embeddable":true,"href":"https:\/\/skintrade.org\/pt-pt\/wp-json\/wp\/v2\/product_tag?post=13561"}],"curies":[{"name":"wp","href":"https:\/\/api.w.org\/{rel}","templated":true}]}}