{"id":13560,"date":"2022-09-15T09:53:30","date_gmt":"2022-09-15T09:53:30","guid":{"rendered":"https:\/\/skin2go.r-s.space\/product\/famas-faulty-wiring\/"},"modified":"2023-04-28T07:49:03","modified_gmt":"2023-04-28T07:49:03","slug":"famas-faulty-wiring","status":"publish","type":"product","link":"https:\/\/skintrade.org\/pt-pt\/produto\/famas-faulty-wiring\/","title":{"rendered":"Faulty Wiring"},"content":{"rendered":"<p>O corpo da espingarda foi pintado com um padr\u00e3o de painel el\u00e9ctrico cinzento-bege. A pega e a parte traseira da coronha est\u00e3o pintadas de bege s\u00f3lido. A placa met\u00e1lica da coronha \u00e9 preta. O carregador n\u00e3o foi pintado.<\/p>\n","protected":false},"excerpt":{"rendered":"<p>O corpo da espingarda foi pintado com um padr\u00e3o de painel el\u00e9ctrico cinzento-bege. A pega e a parte traseira da coronha est\u00e3o pintadas de bege s\u00f3lido. A placa met\u00e1lica da coronha \u00e9 preta. O carregador n\u00e3o foi pintado.<\/p>\n","protected":false},"featured_media":12226,"template":"","meta":[],"product_brand":[],"product_cat":[280,269,334],"product_tag":[],"class_list":{"0":"post-13560","1":"product","2":"type-product","3":"status-publish","4":"has-post-thumbnail","6":"product_cat-a-colecao-vertigo-2021","7":"product_cat-espingarda","8":"product_cat-famas-pt-pt","9":"pa_rarity-padrao-domestico","10":"pa_start-five-stars-pt-pt","11":"pa_subcategories-famas-pt-pt","13":"first","14":"instock","15":"shipping-taxable","16":"purchasable","17":"product-type-simple"},"_links":{"self":[{"href":"https:\/\/skintrade.org\/pt-pt\/wp-json\/wp\/v2\/product\/13560","targetHints":{"allow":["GET"]}}],"collection":[{"href":"https:\/\/skintrade.org\/pt-pt\/wp-json\/wp\/v2\/product"}],"about":[{"href":"https:\/\/skintrade.org\/pt-pt\/wp-json\/wp\/v2\/types\/product"}],"wp:featuredmedia":[{"embeddable":true,"href":"https:\/\/skintrade.org\/pt-pt\/wp-json\/wp\/v2\/media\/12226"}],"wp:attachment":[{"href":"https:\/\/skintrade.org\/pt-pt\/wp-json\/wp\/v2\/media?parent=13560"}],"wp:term":[{"taxonomy":"product_brand","embeddable":true,"href":"https:\/\/skintrade.org\/pt-pt\/wp-json\/wp\/v2\/product_brand?post=13560"},{"taxonomy":"product_cat","embeddable":true,"href":"https:\/\/skintrade.org\/pt-pt\/wp-json\/wp\/v2\/product_cat?post=13560"},{"taxonomy":"product_tag","embeddable":true,"href":"https:\/\/skintrade.org\/pt-pt\/wp-json\/wp\/v2\/product_tag?post=13560"}],"curies":[{"name":"wp","href":"https:\/\/api.w.org\/{rel}","templated":true}]}}