{"id":13559,"date":"2022-09-15T09:55:36","date_gmt":"2022-09-15T09:55:36","guid":{"rendered":"https:\/\/skin2go.r-s.space\/product\/mac-10-strats\/"},"modified":"2023-04-28T07:48:27","modified_gmt":"2023-04-28T07:48:27","slug":"mac-10-strats","status":"publish","type":"product","link":"https:\/\/skintrade.org\/pt-pt\/produto\/mac-10-strats\/","title":{"rendered":"Strats"},"content":{"rendered":"<p>O corpo desta SMG foi pintado com um padr\u00e3o de plano de constru\u00e7\u00e3o. O fundo \u00e9 cinzento escuro. O desenho apresenta elementos azuis e brancos sob a forma de s\u00edmbolos e linhas desenhados \u00e0 m\u00e3o. O carregador e o cinto n\u00e3o est\u00e3o pintados.<\/p>\n","protected":false},"excerpt":{"rendered":"<p>O corpo desta SMG foi pintado com um padr\u00e3o de plano de constru\u00e7\u00e3o. O fundo \u00e9 cinzento escuro. O desenho apresenta elementos azuis e brancos sob a forma de s\u00edmbolos e linhas desenhados \u00e0 m\u00e3o. O carregador e o cinto n\u00e3o est\u00e3o pintados.<\/p>\n","protected":false},"featured_media":12229,"template":"","meta":[],"product_brand":[],"product_cat":[280,343,342],"product_tag":[],"class_list":{"0":"post-13559","1":"product","2":"type-product","3":"status-publish","4":"has-post-thumbnail","6":"product_cat-a-colecao-vertigo-2021","7":"product_cat-mac-10-pt-pt","8":"product_cat-submetralhadoras","9":"pa_rarity-padrao-domestico","10":"pa_start-four-stars-pt-pt","11":"pa_subcategories-mac-10-pt-pt","13":"first","14":"instock","15":"shipping-taxable","16":"purchasable","17":"product-type-simple"},"_links":{"self":[{"href":"https:\/\/skintrade.org\/pt-pt\/wp-json\/wp\/v2\/product\/13559","targetHints":{"allow":["GET"]}}],"collection":[{"href":"https:\/\/skintrade.org\/pt-pt\/wp-json\/wp\/v2\/product"}],"about":[{"href":"https:\/\/skintrade.org\/pt-pt\/wp-json\/wp\/v2\/types\/product"}],"wp:featuredmedia":[{"embeddable":true,"href":"https:\/\/skintrade.org\/pt-pt\/wp-json\/wp\/v2\/media\/12229"}],"wp:attachment":[{"href":"https:\/\/skintrade.org\/pt-pt\/wp-json\/wp\/v2\/media?parent=13559"}],"wp:term":[{"taxonomy":"product_brand","embeddable":true,"href":"https:\/\/skintrade.org\/pt-pt\/wp-json\/wp\/v2\/product_brand?post=13559"},{"taxonomy":"product_cat","embeddable":true,"href":"https:\/\/skintrade.org\/pt-pt\/wp-json\/wp\/v2\/product_cat?post=13559"},{"taxonomy":"product_tag","embeddable":true,"href":"https:\/\/skintrade.org\/pt-pt\/wp-json\/wp\/v2\/product_tag?post=13559"}],"curies":[{"name":"wp","href":"https:\/\/api.w.org\/{rel}","templated":true}]}}