{"id":13557,"date":"2022-09-15T09:57:37","date_gmt":"2022-09-15T09:57:37","guid":{"rendered":"https:\/\/skin2go.r-s.space\/product\/xm1014-blue-tire\/"},"modified":"2023-04-28T07:45:28","modified_gmt":"2023-04-28T07:45:28","slug":"xm1014-blue-tire","status":"publish","type":"product","link":"https:\/\/skintrade.org\/pt-pt\/produto\/xm1014-blue-tire\/","title":{"rendered":"Blue Tire"},"content":{"rendered":"<p>O corpo da espingarda foi pintado com um padr\u00e3o de piso de pneu. O esquema de cores da skin \u00e9 composto por preto e cinzento. O design tamb\u00e9m apresenta riscas brancas e azuis e inscri\u00e7\u00f5es t\u00e9cnicas.<\/p>\n","protected":false},"excerpt":{"rendered":"<p>O corpo da espingarda foi pintado com um padr\u00e3o de piso de pneu. O esquema de cores da skin \u00e9 composto por preto e cinzento. O design tamb\u00e9m apresenta riscas brancas e azuis e inscri\u00e7\u00f5es t\u00e9cnicas.<\/p>\n","protected":false},"featured_media":12232,"template":"","meta":[],"product_brand":[],"product_cat":[280,294,300],"product_tag":[],"class_list":{"0":"post-13557","1":"product","2":"type-product","3":"status-publish","4":"has-post-thumbnail","6":"product_cat-a-colecao-vertigo-2021","7":"product_cat-arma-pesada","8":"product_cat-xm1014-pt-pt","9":"pa_rarity-padrao-domestico","10":"pa_start-five-stars-pt-pt","11":"pa_subcategories-xm1014-pt-pt","13":"first","14":"instock","15":"shipping-taxable","16":"purchasable","17":"product-type-simple"},"_links":{"self":[{"href":"https:\/\/skintrade.org\/pt-pt\/wp-json\/wp\/v2\/product\/13557","targetHints":{"allow":["GET"]}}],"collection":[{"href":"https:\/\/skintrade.org\/pt-pt\/wp-json\/wp\/v2\/product"}],"about":[{"href":"https:\/\/skintrade.org\/pt-pt\/wp-json\/wp\/v2\/types\/product"}],"wp:featuredmedia":[{"embeddable":true,"href":"https:\/\/skintrade.org\/pt-pt\/wp-json\/wp\/v2\/media\/12232"}],"wp:attachment":[{"href":"https:\/\/skintrade.org\/pt-pt\/wp-json\/wp\/v2\/media?parent=13557"}],"wp:term":[{"taxonomy":"product_brand","embeddable":true,"href":"https:\/\/skintrade.org\/pt-pt\/wp-json\/wp\/v2\/product_brand?post=13557"},{"taxonomy":"product_cat","embeddable":true,"href":"https:\/\/skintrade.org\/pt-pt\/wp-json\/wp\/v2\/product_cat?post=13557"},{"taxonomy":"product_tag","embeddable":true,"href":"https:\/\/skintrade.org\/pt-pt\/wp-json\/wp\/v2\/product_tag?post=13557"}],"curies":[{"name":"wp","href":"https:\/\/api.w.org\/{rel}","templated":true}]}}