{"id":13536,"date":"2022-09-15T10:02:20","date_gmt":"2022-09-15T10:02:20","guid":{"rendered":"https:\/\/skin2go.r-s.space\/product\/cz75-auto-framework\/"},"modified":"2023-04-27T18:55:15","modified_gmt":"2023-04-27T18:55:15","slug":"cz75-auto-framework","status":"publish","type":"product","link":"https:\/\/skintrade.org\/pt-pt\/produto\/cz75-auto-framework\/","title":{"rendered":"Framework"},"content":{"rendered":"<p>A corredi\u00e7a da pistola foi pintada com um padr\u00e3o geom\u00e9trico cinzento-bege de objectos volum\u00e9tricos entrela\u00e7ados. O cano e parte do corpo est\u00e3o pintados de cinzento. O carregador, a pega e os pequenos elementos individuais s\u00e3o de cor bege s\u00f3lida.<\/p>\n","protected":false},"excerpt":{"rendered":"<p>A corredi\u00e7a da pistola foi pintada com um padr\u00e3o geom\u00e9trico cinzento-bege de objectos volum\u00e9tricos entrela\u00e7ados. O cano e parte do corpo est\u00e3o pintados de cinzento. O carregador, a pega e os pequenos elementos individuais s\u00e3o de cor bege s\u00f3lida.<\/p>\n","protected":false},"featured_media":12238,"template":"","meta":[],"product_brand":[],"product_cat":[280,322,321],"product_tag":[],"class_list":{"0":"post-13536","1":"product","2":"type-product","3":"status-publish","4":"has-post-thumbnail","6":"product_cat-a-colecao-vertigo-2021","7":"product_cat-cz75-auto-pt-pt","8":"product_cat-pistolas","9":"pa_rarity-padrao-domestico","10":"pa_start-four-stars-pt-pt","11":"pa_subcategories-cz75-auto-pt-pt","13":"first","14":"instock","15":"shipping-taxable","16":"purchasable","17":"product-type-simple"},"_links":{"self":[{"href":"https:\/\/skintrade.org\/pt-pt\/wp-json\/wp\/v2\/product\/13536","targetHints":{"allow":["GET"]}}],"collection":[{"href":"https:\/\/skintrade.org\/pt-pt\/wp-json\/wp\/v2\/product"}],"about":[{"href":"https:\/\/skintrade.org\/pt-pt\/wp-json\/wp\/v2\/types\/product"}],"wp:featuredmedia":[{"embeddable":true,"href":"https:\/\/skintrade.org\/pt-pt\/wp-json\/wp\/v2\/media\/12238"}],"wp:attachment":[{"href":"https:\/\/skintrade.org\/pt-pt\/wp-json\/wp\/v2\/media?parent=13536"}],"wp:term":[{"taxonomy":"product_brand","embeddable":true,"href":"https:\/\/skintrade.org\/pt-pt\/wp-json\/wp\/v2\/product_brand?post=13536"},{"taxonomy":"product_cat","embeddable":true,"href":"https:\/\/skintrade.org\/pt-pt\/wp-json\/wp\/v2\/product_cat?post=13536"},{"taxonomy":"product_tag","embeddable":true,"href":"https:\/\/skintrade.org\/pt-pt\/wp-json\/wp\/v2\/product_tag?post=13536"}],"curies":[{"name":"wp","href":"https:\/\/api.w.org\/{rel}","templated":true}]}}