{"id":13534,"date":"2022-09-15T10:10:17","date_gmt":"2022-09-15T10:10:17","guid":{"rendered":"https:\/\/skin2go.r-s.space\/product\/dual-berettas-twin-turbo\/"},"modified":"2025-08-21T13:50:58","modified_gmt":"2025-08-21T13:50:58","slug":"dual-berettas-twin-turbo","status":"publish","type":"product","link":"https:\/\/skintrade.org\/pt-pt\/produto\/dual-berettas-twin-turbo\/","title":{"rendered":"Twin Turbo"},"content":{"rendered":"<p>O aspecto do skin \u00e9 inspirado no design dos carros de corrida. O esquema de cores do visual \u00e9 verde, branco e vermelho. As pequenas partes individuais das armas s\u00e3o pintadas de amarelo s\u00f3lido. Os corpos das pistolas est\u00e3o decorados com v\u00e1rias inscri\u00e7\u00f5es e log\u00f3tipos publicit\u00e1rios.<\/p>\n","protected":false},"excerpt":{"rendered":"<p>O aspecto do skin \u00e9 inspirado no design dos carros de corrida. O esquema de cores do visual \u00e9 verde, branco e vermelho. As pequenas partes individuais das armas s\u00e3o pintadas de amarelo s\u00f3lido. Os corpos das pistolas est\u00e3o decorados com v\u00e1rias inscri\u00e7\u00f5es e log\u00f3tipos publicit\u00e1rios.<\/p>\n","protected":false},"featured_media":12244,"template":"","meta":[],"product_brand":[],"product_cat":[276,324,321],"product_tag":[],"class_list":{"0":"post-13534","1":"product","2":"type-product","3":"status-publish","4":"has-post-thumbnail","6":"product_cat-a-colecao-inferno-2018","7":"product_cat-dual-berettas-pt-pt","8":"product_cat-pistolas","9":"pa_rarity-confidencial","10":"pa_start-four-stars-pt-pt","11":"pa_subcategories-dual-berettas-pt-pt","13":"first","14":"instock","15":"shipping-taxable","16":"purchasable","17":"product-type-simple"},"_links":{"self":[{"href":"https:\/\/skintrade.org\/pt-pt\/wp-json\/wp\/v2\/product\/13534","targetHints":{"allow":["GET"]}}],"collection":[{"href":"https:\/\/skintrade.org\/pt-pt\/wp-json\/wp\/v2\/product"}],"about":[{"href":"https:\/\/skintrade.org\/pt-pt\/wp-json\/wp\/v2\/types\/product"}],"wp:featuredmedia":[{"embeddable":true,"href":"https:\/\/skintrade.org\/pt-pt\/wp-json\/wp\/v2\/media\/12244"}],"wp:attachment":[{"href":"https:\/\/skintrade.org\/pt-pt\/wp-json\/wp\/v2\/media?parent=13534"}],"wp:term":[{"taxonomy":"product_brand","embeddable":true,"href":"https:\/\/skintrade.org\/pt-pt\/wp-json\/wp\/v2\/product_brand?post=13534"},{"taxonomy":"product_cat","embeddable":true,"href":"https:\/\/skintrade.org\/pt-pt\/wp-json\/wp\/v2\/product_cat?post=13534"},{"taxonomy":"product_tag","embeddable":true,"href":"https:\/\/skintrade.org\/pt-pt\/wp-json\/wp\/v2\/product_tag?post=13534"}],"curies":[{"name":"wp","href":"https:\/\/api.w.org\/{rel}","templated":true}]}}