{"id":13533,"date":"2022-09-15T10:05:45","date_gmt":"2022-09-15T10:05:45","guid":{"rendered":"https:\/\/skin2go.r-s.space\/product\/sg-553-integrale\/"},"modified":"2025-08-21T13:51:00","modified_gmt":"2025-08-21T13:51:00","slug":"sg-553-integrale","status":"publish","type":"product","link":"https:\/\/skintrade.org\/pt-pt\/produto\/sg-553-integrale\/","title":{"rendered":"Integrale"},"content":{"rendered":"<p>O design da SG 553 | Integrale \u00e9 inspirado nos carros de corrida italianos. O corpo da espingarda \u00e9 adornado com um padr\u00e3o de linhas onduladas feitas em v\u00e1rios tons de azul pintados sobre um fundo branco. O guarda-m\u00e3o e algumas outras partes da arma s\u00e3o pintados de vermelho. O desenho \u00e9 complementado por numerosas marcas falsas, tais como Marchelli Parts Shop, Ric Oil, Brendo, etc<\/p>\n","protected":false},"excerpt":{"rendered":"<p>O design da SG 553 | Integrale \u00e9 inspirado nos carros de corrida italianos. O corpo da espingarda \u00e9 adornado com um padr\u00e3o de linhas onduladas feitas em v\u00e1rios tons de azul pintados sobre um fundo branco. O guarda-m\u00e3o e algumas outras partes da arma s\u00e3o pintados de vermelho. O desenho \u00e9 complementado por numerosas [&#8230;]\n","protected":false},"featured_media":12241,"template":"","meta":[],"product_brand":[],"product_cat":[276,269,340],"product_tag":[],"class_list":{"0":"post-13533","1":"product","2":"type-product","3":"status-publish","4":"has-post-thumbnail","6":"product_cat-a-colecao-inferno-2018","7":"product_cat-espingarda","8":"product_cat-sg-553-pt-pt","9":"pa_rarity-confidencial","10":"pa_subcategories-sg-553-pt-pt","12":"first","13":"instock","14":"shipping-taxable","15":"purchasable","16":"product-type-simple"},"_links":{"self":[{"href":"https:\/\/skintrade.org\/pt-pt\/wp-json\/wp\/v2\/product\/13533","targetHints":{"allow":["GET"]}}],"collection":[{"href":"https:\/\/skintrade.org\/pt-pt\/wp-json\/wp\/v2\/product"}],"about":[{"href":"https:\/\/skintrade.org\/pt-pt\/wp-json\/wp\/v2\/types\/product"}],"wp:featuredmedia":[{"embeddable":true,"href":"https:\/\/skintrade.org\/pt-pt\/wp-json\/wp\/v2\/media\/12241"}],"wp:attachment":[{"href":"https:\/\/skintrade.org\/pt-pt\/wp-json\/wp\/v2\/media?parent=13533"}],"wp:term":[{"taxonomy":"product_brand","embeddable":true,"href":"https:\/\/skintrade.org\/pt-pt\/wp-json\/wp\/v2\/product_brand?post=13533"},{"taxonomy":"product_cat","embeddable":true,"href":"https:\/\/skintrade.org\/pt-pt\/wp-json\/wp\/v2\/product_cat?post=13533"},{"taxonomy":"product_tag","embeddable":true,"href":"https:\/\/skintrade.org\/pt-pt\/wp-json\/wp\/v2\/product_tag?post=13533"}],"curies":[{"name":"wp","href":"https:\/\/api.w.org\/{rel}","templated":true}]}}