{"id":13532,"date":"2022-09-15T10:14:15","date_gmt":"2022-09-15T10:14:15","guid":{"rendered":"https:\/\/skin2go.r-s.space\/product\/ak-47-safety-net\/"},"modified":"2023-04-27T18:51:48","modified_gmt":"2023-04-27T18:51:48","slug":"ak-47-safety-net","status":"publish","type":"product","link":"https:\/\/skintrade.org\/pt-pt\/produto\/ak-47-safety-net\/","title":{"rendered":"Safety Net"},"content":{"rendered":"<p>O corpo da espingarda \u00e9 pintado com spray em v\u00e1rios tons de cinzento e complementado por um padr\u00e3o de malha laranja. O carregador e o cano s\u00e3o pintados de preto mate.<\/p>\n","protected":false},"excerpt":{"rendered":"<p>O corpo da espingarda \u00e9 pintado com spray em v\u00e1rios tons de cinzento e complementado por um padr\u00e3o de malha laranja. O carregador e o cano s\u00e3o pintados de preto mate.<\/p>\n","protected":false},"featured_media":12247,"template":"","meta":[],"product_brand":[],"product_cat":[276,268,269],"product_tag":[],"class_list":{"0":"post-13532","1":"product","2":"type-product","3":"status-publish","4":"has-post-thumbnail","6":"product_cat-a-colecao-inferno-2018","7":"product_cat-ak-47-pt-pt-espingarda","8":"product_cat-espingarda","9":"pa_rarity-restrito","10":"pa_start-three-stars-pt-pt","11":"pa_subcategories-ak-47-pt-pt","13":"first","14":"instock","15":"shipping-taxable","16":"purchasable","17":"product-type-simple"},"_links":{"self":[{"href":"https:\/\/skintrade.org\/pt-pt\/wp-json\/wp\/v2\/product\/13532","targetHints":{"allow":["GET"]}}],"collection":[{"href":"https:\/\/skintrade.org\/pt-pt\/wp-json\/wp\/v2\/product"}],"about":[{"href":"https:\/\/skintrade.org\/pt-pt\/wp-json\/wp\/v2\/types\/product"}],"wp:featuredmedia":[{"embeddable":true,"href":"https:\/\/skintrade.org\/pt-pt\/wp-json\/wp\/v2\/media\/12247"}],"wp:attachment":[{"href":"https:\/\/skintrade.org\/pt-pt\/wp-json\/wp\/v2\/media?parent=13532"}],"wp:term":[{"taxonomy":"product_brand","embeddable":true,"href":"https:\/\/skintrade.org\/pt-pt\/wp-json\/wp\/v2\/product_brand?post=13532"},{"taxonomy":"product_cat","embeddable":true,"href":"https:\/\/skintrade.org\/pt-pt\/wp-json\/wp\/v2\/product_cat?post=13532"},{"taxonomy":"product_tag","embeddable":true,"href":"https:\/\/skintrade.org\/pt-pt\/wp-json\/wp\/v2\/product_tag?post=13532"}],"curies":[{"name":"wp","href":"https:\/\/api.w.org\/{rel}","templated":true}]}}