{"id":13531,"date":"2022-09-15T11:38:47","date_gmt":"2022-09-15T11:38:47","guid":{"rendered":"https:\/\/skin2go.r-s.space\/product\/usp-s-check-engine\/"},"modified":"2025-08-21T13:50:52","modified_gmt":"2025-08-21T13:50:52","slug":"usp-s-check-engine","status":"publish","type":"product","link":"https:\/\/skintrade.org\/pt-pt\/produto\/usp-s-check-engine\/","title":{"rendered":"Check Engine"},"content":{"rendered":"<p>Todo o corpo da pistola est\u00e1 pintado de forma irregular em v\u00e1rios tons de vermelho e adornado com um padr\u00e3o de malha preta aplicado com tinta em spray e um est\u00eancil.<\/p>\n","protected":false},"excerpt":{"rendered":"<p>Todo o corpo da pistola est\u00e1 pintado de forma irregular em v\u00e1rios tons de vermelho e adornado com um padr\u00e3o de malha preta aplicado com tinta em spray e um est\u00eancil.<\/p>\n","protected":false},"featured_media":12256,"template":"","meta":[],"product_brand":[],"product_cat":[276,321,331],"product_tag":[],"class_list":{"0":"post-13531","1":"product","2":"type-product","3":"status-publish","4":"has-post-thumbnail","6":"product_cat-a-colecao-inferno-2018","7":"product_cat-pistolas","8":"product_cat-usp-s-pt-pt","9":"pa_rarity-padrao-militar","10":"pa_start-five-stars-pt-pt","11":"pa_subcategories-usp-s-pt-pt","13":"first","14":"instock","15":"shipping-taxable","16":"purchasable","17":"product-type-simple"},"_links":{"self":[{"href":"https:\/\/skintrade.org\/pt-pt\/wp-json\/wp\/v2\/product\/13531","targetHints":{"allow":["GET"]}}],"collection":[{"href":"https:\/\/skintrade.org\/pt-pt\/wp-json\/wp\/v2\/product"}],"about":[{"href":"https:\/\/skintrade.org\/pt-pt\/wp-json\/wp\/v2\/types\/product"}],"wp:featuredmedia":[{"embeddable":true,"href":"https:\/\/skintrade.org\/pt-pt\/wp-json\/wp\/v2\/media\/12256"}],"wp:attachment":[{"href":"https:\/\/skintrade.org\/pt-pt\/wp-json\/wp\/v2\/media?parent=13531"}],"wp:term":[{"taxonomy":"product_brand","embeddable":true,"href":"https:\/\/skintrade.org\/pt-pt\/wp-json\/wp\/v2\/product_brand?post=13531"},{"taxonomy":"product_cat","embeddable":true,"href":"https:\/\/skintrade.org\/pt-pt\/wp-json\/wp\/v2\/product_cat?post=13531"},{"taxonomy":"product_tag","embeddable":true,"href":"https:\/\/skintrade.org\/pt-pt\/wp-json\/wp\/v2\/product_tag?post=13531"}],"curies":[{"name":"wp","href":"https:\/\/api.w.org\/{rel}","templated":true}]}}