{"id":13530,"date":"2022-09-15T10:23:48","date_gmt":"2022-09-15T10:23:48","guid":{"rendered":"https:\/\/skin2go.r-s.space\/product\/mp7-fade\/"},"modified":"2023-04-27T18:46:17","modified_gmt":"2023-04-27T18:46:17","slug":"mp7-fade","status":"publish","type":"product","link":"https:\/\/skintrade.org\/pt-pt\/produto\/mp7-fade\/","title":{"rendered":"Fade"},"content":{"rendered":"<p>O receptor e a pega s\u00e3o cromados e revestidos com tintas transl\u00facidas que criam transi\u00e7\u00f5es de gradiente. O esquema de cores do padr\u00e3o inclui v\u00e1rios tons de roxo, rosa e amarelo. As pegas, a coronha e as partes individuais do corpo n\u00e3o s\u00e3o pintadas.<\/p>\n","protected":false},"excerpt":{"rendered":"<p>O receptor e a pega s\u00e3o cromados e revestidos com tintas transl\u00facidas que criam transi\u00e7\u00f5es de gradiente. O esquema de cores do padr\u00e3o inclui v\u00e1rios tons de roxo, rosa e amarelo. As pegas, a coronha e as partes individuais do corpo n\u00e3o s\u00e3o pintadas.<\/p>\n","protected":false},"featured_media":12250,"template":"","meta":[],"product_brand":[],"product_cat":[276,345,342],"product_tag":[],"class_list":{"0":"post-13530","1":"product","2":"type-product","3":"status-publish","4":"has-post-thumbnail","6":"product_cat-a-colecao-inferno-2018","7":"product_cat-mp7-pt-pt","8":"product_cat-submetralhadoras","9":"pa_rarity-restrito","10":"pa_start-five-stars-pt-pt","11":"pa_subcategories-mp7-pt-pt","13":"first","14":"instock","15":"shipping-taxable","16":"purchasable","17":"product-type-simple"},"_links":{"self":[{"href":"https:\/\/skintrade.org\/pt-pt\/wp-json\/wp\/v2\/product\/13530","targetHints":{"allow":["GET"]}}],"collection":[{"href":"https:\/\/skintrade.org\/pt-pt\/wp-json\/wp\/v2\/product"}],"about":[{"href":"https:\/\/skintrade.org\/pt-pt\/wp-json\/wp\/v2\/types\/product"}],"wp:featuredmedia":[{"embeddable":true,"href":"https:\/\/skintrade.org\/pt-pt\/wp-json\/wp\/v2\/media\/12250"}],"wp:attachment":[{"href":"https:\/\/skintrade.org\/pt-pt\/wp-json\/wp\/v2\/media?parent=13530"}],"wp:term":[{"taxonomy":"product_brand","embeddable":true,"href":"https:\/\/skintrade.org\/pt-pt\/wp-json\/wp\/v2\/product_brand?post=13530"},{"taxonomy":"product_cat","embeddable":true,"href":"https:\/\/skintrade.org\/pt-pt\/wp-json\/wp\/v2\/product_cat?post=13530"},{"taxonomy":"product_tag","embeddable":true,"href":"https:\/\/skintrade.org\/pt-pt\/wp-json\/wp\/v2\/product_tag?post=13530"}],"curies":[{"name":"wp","href":"https:\/\/api.w.org\/{rel}","templated":true}]}}