{"id":13529,"date":"2022-09-15T10:28:49","date_gmt":"2022-09-15T10:28:49","guid":{"rendered":"https:\/\/skin2go.r-s.space\/product\/p250-vino-primo\/"},"modified":"2025-08-21T13:50:50","modified_gmt":"2025-08-21T13:50:50","slug":"p250-vino-primo","status":"publish","type":"product","link":"https:\/\/skintrade.org\/pt-pt\/produto\/p250-vino-primo\/","title":{"rendered":"Vino Primo"},"content":{"rendered":"<p>A corredi\u00e7a da pistola \u00e9 pintada de cor de vinho e complementada com uma inscri\u00e7\u00e3o gravada &#8220;Quattro Ruote&#8221; e o n\u00famero &#8220;65&#8221;. O punho est\u00e1 decorado com uma inser\u00e7\u00e3o em skin cor de vinho com o log\u00f3tipo da The Inferno Collection. As restantes partes da pistola est\u00e3o decoradas com um padr\u00e3o axadrezado borgonha-azeitona.<\/p>\n","protected":false},"excerpt":{"rendered":"<p>A corredi\u00e7a da pistola \u00e9 pintada de cor de vinho e complementada com uma inscri\u00e7\u00e3o gravada &#8220;Quattro Ruote&#8221; e o n\u00famero &#8220;65&#8221;. O punho est\u00e1 decorado com uma inser\u00e7\u00e3o em skin cor de vinho com o log\u00f3tipo da The Inferno Collection. As restantes partes da pistola est\u00e3o decoradas com um padr\u00e3o axadrezado borgonha-azeitona.<\/p>\n","protected":false},"featured_media":12253,"template":"","meta":[],"product_brand":[],"product_cat":[276,328,321],"product_tag":[],"class_list":{"0":"post-13529","1":"product","2":"type-product","3":"status-publish","4":"has-post-thumbnail","6":"product_cat-a-colecao-inferno-2018","7":"product_cat-p250-pt-pt","8":"product_cat-pistolas","9":"pa_rarity-restrito","10":"pa_subcategories-p250-pt-pt","12":"first","13":"instock","14":"shipping-taxable","15":"purchasable","16":"product-type-simple"},"_links":{"self":[{"href":"https:\/\/skintrade.org\/pt-pt\/wp-json\/wp\/v2\/product\/13529","targetHints":{"allow":["GET"]}}],"collection":[{"href":"https:\/\/skintrade.org\/pt-pt\/wp-json\/wp\/v2\/product"}],"about":[{"href":"https:\/\/skintrade.org\/pt-pt\/wp-json\/wp\/v2\/types\/product"}],"wp:featuredmedia":[{"embeddable":true,"href":"https:\/\/skintrade.org\/pt-pt\/wp-json\/wp\/v2\/media\/12253"}],"wp:attachment":[{"href":"https:\/\/skintrade.org\/pt-pt\/wp-json\/wp\/v2\/media?parent=13529"}],"wp:term":[{"taxonomy":"product_brand","embeddable":true,"href":"https:\/\/skintrade.org\/pt-pt\/wp-json\/wp\/v2\/product_brand?post=13529"},{"taxonomy":"product_cat","embeddable":true,"href":"https:\/\/skintrade.org\/pt-pt\/wp-json\/wp\/v2\/product_cat?post=13529"},{"taxonomy":"product_tag","embeddable":true,"href":"https:\/\/skintrade.org\/pt-pt\/wp-json\/wp\/v2\/product_tag?post=13529"}],"curies":[{"name":"wp","href":"https:\/\/api.w.org\/{rel}","templated":true}]}}