{"id":13528,"date":"2022-09-15T11:44:29","date_gmt":"2022-09-15T11:44:29","guid":{"rendered":"https:\/\/skin2go.r-s.space\/product\/m4a4-converter\/"},"modified":"2025-08-21T13:50:51","modified_gmt":"2025-08-21T13:50:51","slug":"m4a4-converter","status":"publish","type":"product","link":"https:\/\/skintrade.org\/pt-pt\/produto\/m4a4-converter\/","title":{"rendered":"Converter"},"content":{"rendered":"<p>A parte central da espingarda e o carregador s\u00e3o decorados com um padr\u00e3o abstracto preto e vermelho e complementados com uma grelha hexagonal cinzenta. O punho \u00e9 pintado de vermelho s\u00f3lido, a coronha e o guarda-m\u00e3o s\u00e3o pretos.<\/p>\n","protected":false},"excerpt":{"rendered":"<p>A parte central da espingarda e o carregador s\u00e3o decorados com um padr\u00e3o abstracto preto e vermelho e complementados com uma grelha hexagonal cinzenta. O punho \u00e9 pintado de vermelho s\u00f3lido, a coronha e o guarda-m\u00e3o s\u00e3o pretos.<\/p>\n","protected":false},"featured_media":12259,"template":"","meta":[],"product_brand":[],"product_cat":[276,269,338],"product_tag":[],"class_list":{"0":"post-13528","1":"product","2":"type-product","3":"status-publish","4":"has-post-thumbnail","6":"product_cat-a-colecao-inferno-2018","7":"product_cat-espingarda","8":"product_cat-m4a4-pt-pt","9":"pa_rarity-padrao-militar","10":"pa_start-four-stars-pt-pt","11":"pa_subcategories-m4a4-pt-pt","13":"first","14":"instock","15":"shipping-taxable","16":"purchasable","17":"product-type-simple"},"_links":{"self":[{"href":"https:\/\/skintrade.org\/pt-pt\/wp-json\/wp\/v2\/product\/13528","targetHints":{"allow":["GET"]}}],"collection":[{"href":"https:\/\/skintrade.org\/pt-pt\/wp-json\/wp\/v2\/product"}],"about":[{"href":"https:\/\/skintrade.org\/pt-pt\/wp-json\/wp\/v2\/types\/product"}],"wp:featuredmedia":[{"embeddable":true,"href":"https:\/\/skintrade.org\/pt-pt\/wp-json\/wp\/v2\/media\/12259"}],"wp:attachment":[{"href":"https:\/\/skintrade.org\/pt-pt\/wp-json\/wp\/v2\/media?parent=13528"}],"wp:term":[{"taxonomy":"product_brand","embeddable":true,"href":"https:\/\/skintrade.org\/pt-pt\/wp-json\/wp\/v2\/product_brand?post=13528"},{"taxonomy":"product_cat","embeddable":true,"href":"https:\/\/skintrade.org\/pt-pt\/wp-json\/wp\/v2\/product_cat?post=13528"},{"taxonomy":"product_tag","embeddable":true,"href":"https:\/\/skintrade.org\/pt-pt\/wp-json\/wp\/v2\/product_tag?post=13528"}],"curies":[{"name":"wp","href":"https:\/\/api.w.org\/{rel}","templated":true}]}}