{"id":13527,"date":"2022-09-15T11:47:45","date_gmt":"2022-09-15T11:47:45","guid":{"rendered":"https:\/\/skin2go.r-s.space\/product\/ssg-08-hand-brake\/"},"modified":"2025-08-21T13:50:50","modified_gmt":"2025-08-21T13:50:50","slug":"ssg-08-hand-brake","status":"publish","type":"product","link":"https:\/\/skintrade.org\/pt-pt\/produto\/ssg-08-hand-brake\/","title":{"rendered":"Hand Brake"},"content":{"rendered":"<p>O corpo da espingarda \u00e9 pintado de azul escuro e branco e adornado com um padr\u00e3o axadrezado. O design \u00e9 complementado skin log\u00f3tipo da Colec\u00e7\u00e3o Inferno e skin inscri\u00e7\u00e3o &#8220;Quattro Ruote&#8221;, situada na parte central da espingarda. O cano \u00e9 revestido com tinta prateada. As partes individuais da arma n\u00e3o s\u00e3o pintadas.<\/p>\n","protected":false},"excerpt":{"rendered":"<p>O corpo da espingarda \u00e9 pintado de azul escuro e branco e adornado com um padr\u00e3o axadrezado. O design \u00e9 complementado skin log\u00f3tipo da Colec\u00e7\u00e3o Inferno e skin inscri\u00e7\u00e3o &#8220;Quattro Ruote&#8221;, situada na parte central da espingarda. O cano \u00e9 revestido com tinta prateada. As partes individuais da arma n\u00e3o s\u00e3o pintadas.<\/p>\n","protected":false},"featured_media":12262,"template":"","meta":[],"product_brand":[],"product_cat":[276,269,341],"product_tag":[],"class_list":{"0":"post-13527","1":"product","2":"type-product","3":"status-publish","4":"has-post-thumbnail","6":"product_cat-a-colecao-inferno-2018","7":"product_cat-espingarda","8":"product_cat-ssg-08-pt-pt","9":"pa_rarity-padrao-militar","10":"pa_start-three-stars-pt-pt","11":"pa_subcategories-ssg-08-pt-pt","13":"first","14":"instock","15":"shipping-taxable","16":"purchasable","17":"product-type-simple"},"_links":{"self":[{"href":"https:\/\/skintrade.org\/pt-pt\/wp-json\/wp\/v2\/product\/13527","targetHints":{"allow":["GET"]}}],"collection":[{"href":"https:\/\/skintrade.org\/pt-pt\/wp-json\/wp\/v2\/product"}],"about":[{"href":"https:\/\/skintrade.org\/pt-pt\/wp-json\/wp\/v2\/types\/product"}],"wp:featuredmedia":[{"embeddable":true,"href":"https:\/\/skintrade.org\/pt-pt\/wp-json\/wp\/v2\/media\/12262"}],"wp:attachment":[{"href":"https:\/\/skintrade.org\/pt-pt\/wp-json\/wp\/v2\/media?parent=13527"}],"wp:term":[{"taxonomy":"product_brand","embeddable":true,"href":"https:\/\/skintrade.org\/pt-pt\/wp-json\/wp\/v2\/product_brand?post=13527"},{"taxonomy":"product_cat","embeddable":true,"href":"https:\/\/skintrade.org\/pt-pt\/wp-json\/wp\/v2\/product_cat?post=13527"},{"taxonomy":"product_tag","embeddable":true,"href":"https:\/\/skintrade.org\/pt-pt\/wp-json\/wp\/v2\/product_tag?post=13527"}],"curies":[{"name":"wp","href":"https:\/\/api.w.org\/{rel}","templated":true}]}}