{"id":13526,"date":"2022-09-15T11:50:44","date_gmt":"2022-09-15T11:50:44","guid":{"rendered":"https:\/\/skin2go.r-s.space\/product\/sawed-off-brake-light\/"},"modified":"2025-08-21T13:50:58","modified_gmt":"2025-08-21T13:50:58","slug":"sawed-off-brake-light","status":"publish","type":"product","link":"https:\/\/skintrade.org\/pt-pt\/produto\/sawed-off-brake-light\/","title":{"rendered":"Brake Light"},"content":{"rendered":"<p>O receptor da ca\u00e7adeira \u00e9 revestido com tinta met\u00e1lica vermelha e adornado com linhas curvas brancas e transl\u00facidas. A coronha e o guarda-m\u00e3o s\u00e3o feitos de madeira e n\u00e3o est\u00e3o pintados.<\/p>\n","protected":false},"excerpt":{"rendered":"<p>O receptor da ca\u00e7adeira \u00e9 revestido com tinta met\u00e1lica vermelha e adornado com linhas curvas brancas e transl\u00facidas. A coronha e o guarda-m\u00e3o s\u00e3o feitos de madeira e n\u00e3o est\u00e3o pintados.<\/p>\n","protected":false},"featured_media":12265,"template":"","meta":[],"product_brand":[],"product_cat":[276,294,299],"product_tag":[],"class_list":{"0":"post-13526","1":"product","2":"type-product","3":"status-publish","4":"has-post-thumbnail","6":"product_cat-a-colecao-inferno-2018","7":"product_cat-arma-pesada","8":"product_cat-sawed-off-pt-pt","9":"pa_rarity-padrao-militar","10":"pa_start-four-stars-pt-pt","11":"pa_subcategories-sawed-off-pt-pt","13":"first","14":"instock","15":"shipping-taxable","16":"purchasable","17":"product-type-simple"},"_links":{"self":[{"href":"https:\/\/skintrade.org\/pt-pt\/wp-json\/wp\/v2\/product\/13526","targetHints":{"allow":["GET"]}}],"collection":[{"href":"https:\/\/skintrade.org\/pt-pt\/wp-json\/wp\/v2\/product"}],"about":[{"href":"https:\/\/skintrade.org\/pt-pt\/wp-json\/wp\/v2\/types\/product"}],"wp:featuredmedia":[{"embeddable":true,"href":"https:\/\/skintrade.org\/pt-pt\/wp-json\/wp\/v2\/media\/12265"}],"wp:attachment":[{"href":"https:\/\/skintrade.org\/pt-pt\/wp-json\/wp\/v2\/media?parent=13526"}],"wp:term":[{"taxonomy":"product_brand","embeddable":true,"href":"https:\/\/skintrade.org\/pt-pt\/wp-json\/wp\/v2\/product_brand?post=13526"},{"taxonomy":"product_cat","embeddable":true,"href":"https:\/\/skintrade.org\/pt-pt\/wp-json\/wp\/v2\/product_cat?post=13526"},{"taxonomy":"product_tag","embeddable":true,"href":"https:\/\/skintrade.org\/pt-pt\/wp-json\/wp\/v2\/product_tag?post=13526"}],"curies":[{"name":"wp","href":"https:\/\/api.w.org\/{rel}","templated":true}]}}