{"id":13525,"date":"2022-09-15T11:53:35","date_gmt":"2022-09-15T11:53:35","guid":{"rendered":"https:\/\/skin2go.r-s.space\/product\/glock-18-high-beam\/"},"modified":"2025-08-21T13:50:22","modified_gmt":"2025-08-21T13:50:22","slug":"glock-18-high-beam","status":"publish","type":"product","link":"https:\/\/skintrade.org\/pt-pt\/produto\/glock-18-high-beam\/","title":{"rendered":"High Beam"},"content":{"rendered":"<p>A corredi\u00e7a \u00e9 pintada com tinta met\u00e1lica azul e adornada com um padr\u00e3o feito sob a forma de riscas curvas azuis claras. As restantes partes da pistola n\u00e3o est\u00e3o pintadas.<\/p>\n","protected":false},"excerpt":{"rendered":"<p>A corredi\u00e7a \u00e9 pintada com tinta met\u00e1lica azul e adornada com um padr\u00e3o feito sob a forma de riscas curvas azuis claras. As restantes partes da pistola n\u00e3o est\u00e3o pintadas.<\/p>\n","protected":false},"featured_media":12268,"template":"","meta":[],"product_brand":[],"product_cat":[276,326,321],"product_tag":[],"class_list":{"0":"post-13525","1":"product","2":"type-product","3":"status-publish","4":"has-post-thumbnail","6":"product_cat-a-colecao-inferno-2018","7":"product_cat-glock-18-pt-pt","8":"product_cat-pistolas","9":"pa_rarity-padrao-industrial","10":"pa_start-four-stars-pt-pt","11":"pa_subcategories-glock-18-pt-pt","13":"first","14":"instock","15":"shipping-taxable","16":"purchasable","17":"product-type-simple"},"_links":{"self":[{"href":"https:\/\/skintrade.org\/pt-pt\/wp-json\/wp\/v2\/product\/13525","targetHints":{"allow":["GET"]}}],"collection":[{"href":"https:\/\/skintrade.org\/pt-pt\/wp-json\/wp\/v2\/product"}],"about":[{"href":"https:\/\/skintrade.org\/pt-pt\/wp-json\/wp\/v2\/types\/product"}],"wp:featuredmedia":[{"embeddable":true,"href":"https:\/\/skintrade.org\/pt-pt\/wp-json\/wp\/v2\/media\/12268"}],"wp:attachment":[{"href":"https:\/\/skintrade.org\/pt-pt\/wp-json\/wp\/v2\/media?parent=13525"}],"wp:term":[{"taxonomy":"product_brand","embeddable":true,"href":"https:\/\/skintrade.org\/pt-pt\/wp-json\/wp\/v2\/product_brand?post=13525"},{"taxonomy":"product_cat","embeddable":true,"href":"https:\/\/skintrade.org\/pt-pt\/wp-json\/wp\/v2\/product_cat?post=13525"},{"taxonomy":"product_tag","embeddable":true,"href":"https:\/\/skintrade.org\/pt-pt\/wp-json\/wp\/v2\/product_tag?post=13525"}],"curies":[{"name":"wp","href":"https:\/\/api.w.org\/{rel}","templated":true}]}}