{"id":13524,"date":"2022-09-15T11:56:59","date_gmt":"2022-09-15T11:56:59","guid":{"rendered":"https:\/\/skin2go.r-s.space\/product\/mac-10-calf-skin\/"},"modified":"2023-04-27T18:35:57","modified_gmt":"2023-04-27T18:35:57","slug":"mac-10-calf-skin","status":"publish","type":"product","link":"https:\/\/skintrade.org\/pt-pt\/produto\/mac-10-calf-skin\/","title":{"rendered":"Calf Skin"},"content":{"rendered":"<p>A parte superior do receptor \u00e9 adornada com um padr\u00e3o axadrezado castanho. A parte inferior do receptor est\u00e1 pintada de branco e \u00e9 complementada por pormenores sob a forma de riscas diagonais castanhas e uma placa de metal com a inscri\u00e7\u00e3o &#8220;Quattro ruote&#8221;.<\/p>\n","protected":false},"excerpt":{"rendered":"<p>A parte superior do receptor \u00e9 adornada com um padr\u00e3o axadrezado castanho. A parte inferior do receptor est\u00e1 pintada de branco e \u00e9 complementada por pormenores sob a forma de riscas diagonais castanhas e uma placa de metal com a inscri\u00e7\u00e3o &#8220;Quattro ruote&#8221;.<\/p>\n","protected":false},"featured_media":12271,"template":"","meta":[],"product_brand":[],"product_cat":[276,343,342],"product_tag":[],"class_list":{"0":"post-13524","1":"product","2":"type-product","3":"status-publish","4":"has-post-thumbnail","6":"product_cat-a-colecao-inferno-2018","7":"product_cat-mac-10-pt-pt","8":"product_cat-submetralhadoras","9":"pa_rarity-padrao-industrial","10":"pa_start-four-stars-pt-pt","11":"pa_subcategories-mac-10-pt-pt","13":"first","14":"instock","15":"shipping-taxable","16":"purchasable","17":"product-type-simple"},"_links":{"self":[{"href":"https:\/\/skintrade.org\/pt-pt\/wp-json\/wp\/v2\/product\/13524","targetHints":{"allow":["GET"]}}],"collection":[{"href":"https:\/\/skintrade.org\/pt-pt\/wp-json\/wp\/v2\/product"}],"about":[{"href":"https:\/\/skintrade.org\/pt-pt\/wp-json\/wp\/v2\/types\/product"}],"wp:featuredmedia":[{"embeddable":true,"href":"https:\/\/skintrade.org\/pt-pt\/wp-json\/wp\/v2\/media\/12271"}],"wp:attachment":[{"href":"https:\/\/skintrade.org\/pt-pt\/wp-json\/wp\/v2\/media?parent=13524"}],"wp:term":[{"taxonomy":"product_brand","embeddable":true,"href":"https:\/\/skintrade.org\/pt-pt\/wp-json\/wp\/v2\/product_brand?post=13524"},{"taxonomy":"product_cat","embeddable":true,"href":"https:\/\/skintrade.org\/pt-pt\/wp-json\/wp\/v2\/product_cat?post=13524"},{"taxonomy":"product_tag","embeddable":true,"href":"https:\/\/skintrade.org\/pt-pt\/wp-json\/wp\/v2\/product_tag?post=13524"}],"curies":[{"name":"wp","href":"https:\/\/api.w.org\/{rel}","templated":true}]}}