{"id":13523,"date":"2022-09-15T11:59:56","date_gmt":"2022-09-15T11:59:56","guid":{"rendered":"https:\/\/skin2go.r-s.space\/product\/pp-bizon-candy-apple\/"},"modified":"2025-08-21T13:50:21","modified_gmt":"2025-08-21T13:50:21","slug":"pp-bizon-candy-apple","status":"publish","type":"product","link":"https:\/\/skintrade.org\/pt-pt\/produto\/pp-bizon-candy-apple\/","title":{"rendered":"Candy Apple"},"content":{"rendered":"<p>Esta PP-Bizon foi pintada num estilo &#8220;Solid Color&#8221;, com o acabamento Candy Apple. Os componentes individuais da arma s\u00e3o pintados com at\u00e9 quatro cores \u00fanicas antes de serem montados novamente. A cor prim\u00e1ria desta skin \u00e9 composta por uma tonalidade vermelha.<\/p>\n","protected":false},"excerpt":{"rendered":"<p>Esta PP-Bizon foi pintada num estilo &#8220;Solid Color&#8221;, com o acabamento Candy Apple. Os componentes individuais da arma s\u00e3o pintados com at\u00e9 quatro cores \u00fanicas antes de serem montados novamente. A cor prim\u00e1ria desta skin \u00e9 composta por uma tonalidade vermelha.<\/p>\n","protected":false},"featured_media":12274,"template":"","meta":[],"product_brand":[],"product_cat":[276,348,342],"product_tag":[],"class_list":{"0":"post-13523","1":"product","2":"type-product","3":"status-publish","4":"has-post-thumbnail","6":"product_cat-a-colecao-inferno-2018","7":"product_cat-pp-bizon-pt-pt","8":"product_cat-submetralhadoras","9":"pa_rarity-padrao-industrial","10":"pa_start-three-stars-pt-pt","11":"pa_subcategories-pp-bizon-pt-pt","13":"first","14":"instock","15":"shipping-taxable","16":"purchasable","17":"product-type-simple"},"_links":{"self":[{"href":"https:\/\/skintrade.org\/pt-pt\/wp-json\/wp\/v2\/product\/13523","targetHints":{"allow":["GET"]}}],"collection":[{"href":"https:\/\/skintrade.org\/pt-pt\/wp-json\/wp\/v2\/product"}],"about":[{"href":"https:\/\/skintrade.org\/pt-pt\/wp-json\/wp\/v2\/types\/product"}],"wp:featuredmedia":[{"embeddable":true,"href":"https:\/\/skintrade.org\/pt-pt\/wp-json\/wp\/v2\/media\/12274"}],"wp:attachment":[{"href":"https:\/\/skintrade.org\/pt-pt\/wp-json\/wp\/v2\/media?parent=13523"}],"wp:term":[{"taxonomy":"product_brand","embeddable":true,"href":"https:\/\/skintrade.org\/pt-pt\/wp-json\/wp\/v2\/product_brand?post=13523"},{"taxonomy":"product_cat","embeddable":true,"href":"https:\/\/skintrade.org\/pt-pt\/wp-json\/wp\/v2\/product_cat?post=13523"},{"taxonomy":"product_tag","embeddable":true,"href":"https:\/\/skintrade.org\/pt-pt\/wp-json\/wp\/v2\/product_tag?post=13523"}],"curies":[{"name":"wp","href":"https:\/\/api.w.org\/{rel}","templated":true}]}}