{"id":13521,"date":"2022-09-15T12:09:12","date_gmt":"2022-09-15T12:09:12","guid":{"rendered":"https:\/\/skin2go.r-s.space\/product\/aug-sweeper\/"},"modified":"2025-08-21T13:50:13","modified_gmt":"2025-08-21T13:50:13","slug":"aug-sweeper","status":"publish","type":"product","link":"https:\/\/skintrade.org\/pt-pt\/produto\/aug-sweeper\/","title":{"rendered":"Sweeper"},"content":{"rendered":"<p>O corpo da espingarda \u00e9 pintado com spray utilizando uma malha como est\u00eancil. O esquema de cores inclui o cinzento, o laranja e o castanho. O cano e a mira n\u00e3o s\u00e3o pintados.<\/p>\n","protected":false},"excerpt":{"rendered":"<p>O corpo da espingarda \u00e9 pintado com spray utilizando uma malha como est\u00eancil. O esquema de cores inclui o cinzento, o laranja e o castanho. O cano e a mira n\u00e3o s\u00e3o pintados.<\/p>\n","protected":false},"featured_media":12283,"template":"","meta":[],"product_brand":[],"product_cat":[276,332,269],"product_tag":[],"class_list":{"0":"post-13521","1":"product","2":"type-product","3":"status-publish","4":"has-post-thumbnail","6":"product_cat-a-colecao-inferno-2018","7":"product_cat-aug-pt-pt","8":"product_cat-espingarda","9":"pa_rarity-padrao-domestico","10":"pa_start-four-stars-pt-pt","11":"pa_subcategories-aug-pt-pt","13":"first","14":"instock","15":"shipping-taxable","16":"purchasable","17":"product-type-simple"},"_links":{"self":[{"href":"https:\/\/skintrade.org\/pt-pt\/wp-json\/wp\/v2\/product\/13521","targetHints":{"allow":["GET"]}}],"collection":[{"href":"https:\/\/skintrade.org\/pt-pt\/wp-json\/wp\/v2\/product"}],"about":[{"href":"https:\/\/skintrade.org\/pt-pt\/wp-json\/wp\/v2\/types\/product"}],"wp:featuredmedia":[{"embeddable":true,"href":"https:\/\/skintrade.org\/pt-pt\/wp-json\/wp\/v2\/media\/12283"}],"wp:attachment":[{"href":"https:\/\/skintrade.org\/pt-pt\/wp-json\/wp\/v2\/media?parent=13521"}],"wp:term":[{"taxonomy":"product_brand","embeddable":true,"href":"https:\/\/skintrade.org\/pt-pt\/wp-json\/wp\/v2\/product_brand?post=13521"},{"taxonomy":"product_cat","embeddable":true,"href":"https:\/\/skintrade.org\/pt-pt\/wp-json\/wp\/v2\/product_cat?post=13521"},{"taxonomy":"product_tag","embeddable":true,"href":"https:\/\/skintrade.org\/pt-pt\/wp-json\/wp\/v2\/product_tag?post=13521"}],"curies":[{"name":"wp","href":"https:\/\/api.w.org\/{rel}","templated":true}]}}