{"id":13520,"date":"2022-09-15T12:02:48","date_gmt":"2022-09-15T12:02:48","guid":{"rendered":"https:\/\/skin2go.r-s.space\/product\/r8-revolver-nitro\/"},"modified":"2025-08-21T13:50:19","modified_gmt":"2025-08-21T13:50:19","slug":"r8-revolver-nitro","status":"publish","type":"product","link":"https:\/\/skintrade.org\/pt-pt\/produto\/r8-revolver-nitro\/","title":{"rendered":"Nitro"},"content":{"rendered":"<p>O corpo da pistola \u00e9 pintado de preto s\u00f3lido. O punho e as partes individuais da arma s\u00e3o pintados em cor terracota.<\/p>\n","protected":false},"excerpt":{"rendered":"<p>O corpo da pistola \u00e9 pintado de preto s\u00f3lido. O punho e as partes individuais da arma s\u00e3o pintados em cor terracota.<\/p>\n","protected":false},"featured_media":12277,"template":"","meta":[],"product_brand":[],"product_cat":[276,321,329],"product_tag":[],"class_list":{"0":"post-13520","1":"product","2":"type-product","3":"status-publish","4":"has-post-thumbnail","6":"product_cat-a-colecao-inferno-2018","7":"product_cat-pistolas","8":"product_cat-r8-revolver-pt-pt","9":"pa_rarity-padrao-industrial","10":"pa_start-four-stars-pt-pt","11":"pa_subcategories-r8-revolver-pt-pt","13":"first","14":"instock","15":"shipping-taxable","16":"purchasable","17":"product-type-simple"},"_links":{"self":[{"href":"https:\/\/skintrade.org\/pt-pt\/wp-json\/wp\/v2\/product\/13520","targetHints":{"allow":["GET"]}}],"collection":[{"href":"https:\/\/skintrade.org\/pt-pt\/wp-json\/wp\/v2\/product"}],"about":[{"href":"https:\/\/skintrade.org\/pt-pt\/wp-json\/wp\/v2\/types\/product"}],"wp:featuredmedia":[{"embeddable":true,"href":"https:\/\/skintrade.org\/pt-pt\/wp-json\/wp\/v2\/media\/12277"}],"wp:attachment":[{"href":"https:\/\/skintrade.org\/pt-pt\/wp-json\/wp\/v2\/media?parent=13520"}],"wp:term":[{"taxonomy":"product_brand","embeddable":true,"href":"https:\/\/skintrade.org\/pt-pt\/wp-json\/wp\/v2\/product_brand?post=13520"},{"taxonomy":"product_cat","embeddable":true,"href":"https:\/\/skintrade.org\/pt-pt\/wp-json\/wp\/v2\/product_cat?post=13520"},{"taxonomy":"product_tag","embeddable":true,"href":"https:\/\/skintrade.org\/pt-pt\/wp-json\/wp\/v2\/product_tag?post=13520"}],"curies":[{"name":"wp","href":"https:\/\/api.w.org\/{rel}","templated":true}]}}