{"id":13519,"date":"2022-09-15T12:12:17","date_gmt":"2022-09-15T12:12:17","guid":{"rendered":"https:\/\/skin2go.r-s.space\/product\/mp9-slide\/"},"modified":"2023-04-27T18:28:56","modified_gmt":"2023-04-27T18:28:56","slug":"mp9-slide","status":"publish","type":"product","link":"https:\/\/skintrade.org\/pt-pt\/produto\/mp9-slide\/","title":{"rendered":"Slide"},"content":{"rendered":"<p>A carro\u00e7aria do SMG \u00e9 pintada de cinzento s\u00f3lido e adornada com tra\u00e7os diagonais em laranja e caqui. O desenho \u00e9 complementado por gotas de tinta bege. A coronha \u00e9 pintada de laranja s\u00f3lido. O carregador n\u00e3o est\u00e1 pintado.<\/p>\n","protected":false},"excerpt":{"rendered":"<p>A carro\u00e7aria do SMG \u00e9 pintada de cinzento s\u00f3lido e adornada com tra\u00e7os diagonais em laranja e caqui. O desenho \u00e9 complementado por gotas de tinta bege. A coronha \u00e9 pintada de laranja s\u00f3lido. O carregador n\u00e3o est\u00e1 pintado.<\/p>\n","protected":false},"featured_media":12286,"template":"","meta":[],"product_brand":[],"product_cat":[276,346,342],"product_tag":[],"class_list":{"0":"post-13519","1":"product","2":"type-product","3":"status-publish","4":"has-post-thumbnail","6":"product_cat-a-colecao-inferno-2018","7":"product_cat-mp9-pt-pt","8":"product_cat-submetralhadoras","9":"pa_rarity-padrao-domestico","10":"pa_start-three-stars-pt-pt","11":"pa_subcategories-mp9-pt-pt","13":"first","14":"instock","15":"shipping-taxable","16":"purchasable","17":"product-type-simple"},"_links":{"self":[{"href":"https:\/\/skintrade.org\/pt-pt\/wp-json\/wp\/v2\/product\/13519","targetHints":{"allow":["GET"]}}],"collection":[{"href":"https:\/\/skintrade.org\/pt-pt\/wp-json\/wp\/v2\/product"}],"about":[{"href":"https:\/\/skintrade.org\/pt-pt\/wp-json\/wp\/v2\/types\/product"}],"wp:featuredmedia":[{"embeddable":true,"href":"https:\/\/skintrade.org\/pt-pt\/wp-json\/wp\/v2\/media\/12286"}],"wp:attachment":[{"href":"https:\/\/skintrade.org\/pt-pt\/wp-json\/wp\/v2\/media?parent=13519"}],"wp:term":[{"taxonomy":"product_brand","embeddable":true,"href":"https:\/\/skintrade.org\/pt-pt\/wp-json\/wp\/v2\/product_brand?post=13519"},{"taxonomy":"product_cat","embeddable":true,"href":"https:\/\/skintrade.org\/pt-pt\/wp-json\/wp\/v2\/product_cat?post=13519"},{"taxonomy":"product_tag","embeddable":true,"href":"https:\/\/skintrade.org\/pt-pt\/wp-json\/wp\/v2\/product_tag?post=13519"}],"curies":[{"name":"wp","href":"https:\/\/api.w.org\/{rel}","templated":true}]}}