{"id":13517,"date":"2022-09-15T12:17:47","date_gmt":"2022-09-15T12:17:47","guid":{"rendered":"https:\/\/skin2go.r-s.space\/product\/ump-45-mudder\/"},"modified":"2025-08-21T13:50:13","modified_gmt":"2025-08-21T13:50:13","slug":"ump-45-mudder","status":"publish","type":"product","link":"https:\/\/skintrade.org\/pt-pt\/produto\/ump-45-mudder\/","title":{"rendered":"Mudder"},"content":{"rendered":"<p>O corpo da submetralhadora est\u00e1 pintado de forma irregular em diferentes tons de bege e castanho. A coronha est\u00e1 pintada em tons s\u00f3lidos de bege e castanho. O resto do corpo n\u00e3o est\u00e1 pintado.<\/p>\n","protected":false},"excerpt":{"rendered":"<p>O corpo da submetralhadora est\u00e1 pintado de forma irregular em diferentes tons de bege e castanho. A coronha est\u00e1 pintada em tons s\u00f3lidos de bege e castanho. O resto do corpo n\u00e3o est\u00e1 pintado.<\/p>\n","protected":false},"featured_media":12292,"template":"","meta":[],"product_brand":[],"product_cat":[276,342,349],"product_tag":[],"class_list":{"0":"post-13517","1":"product","2":"type-product","3":"status-publish","4":"has-post-thumbnail","6":"product_cat-a-colecao-inferno-2018","7":"product_cat-submetralhadoras","8":"product_cat-ump-45-pt-pt","9":"pa_rarity-padrao-domestico","10":"pa_start-three-stars-pt-pt","11":"pa_subcategories-ump-45-pt-pt","13":"first","14":"instock","15":"shipping-taxable","16":"purchasable","17":"product-type-simple"},"_links":{"self":[{"href":"https:\/\/skintrade.org\/pt-pt\/wp-json\/wp\/v2\/product\/13517","targetHints":{"allow":["GET"]}}],"collection":[{"href":"https:\/\/skintrade.org\/pt-pt\/wp-json\/wp\/v2\/product"}],"about":[{"href":"https:\/\/skintrade.org\/pt-pt\/wp-json\/wp\/v2\/types\/product"}],"wp:featuredmedia":[{"embeddable":true,"href":"https:\/\/skintrade.org\/pt-pt\/wp-json\/wp\/v2\/media\/12292"}],"wp:attachment":[{"href":"https:\/\/skintrade.org\/pt-pt\/wp-json\/wp\/v2\/media?parent=13517"}],"wp:term":[{"taxonomy":"product_brand","embeddable":true,"href":"https:\/\/skintrade.org\/pt-pt\/wp-json\/wp\/v2\/product_brand?post=13517"},{"taxonomy":"product_cat","embeddable":true,"href":"https:\/\/skintrade.org\/pt-pt\/wp-json\/wp\/v2\/product_cat?post=13517"},{"taxonomy":"product_tag","embeddable":true,"href":"https:\/\/skintrade.org\/pt-pt\/wp-json\/wp\/v2\/product_tag?post=13517"}],"curies":[{"name":"wp","href":"https:\/\/api.w.org\/{rel}","templated":true}]}}