{"id":13516,"date":"2022-09-15T12:52:21","date_gmt":"2022-09-15T12:52:21","guid":{"rendered":"https:\/\/skin2go.r-s.space\/product\/ak-47-fuel-injector\/"},"modified":"2025-08-21T13:50:13","modified_gmt":"2025-08-21T13:50:13","slug":"ak-47-fuel-injector","status":"publish","type":"product","link":"https:\/\/skintrade.org\/pt-pt\/produto\/ak-47-fuel-injector\/","title":{"rendered":"Fuel Injector"},"content":{"rendered":"<p>O design da skin \u00e9 feito num estilo futurista. O receptor e o guarda-m\u00e3o s\u00e3o pintados de amarelo. A coronha e o punho s\u00e3o revestidos com tinta cinzenta escura. A pega tem detalhes amarelos e o guarda-m\u00e3o \u00e9 adornado com uma inser\u00e7\u00e3o de carbono. O carregador n\u00e3o est\u00e1 pintado e \u00e9 complementado por uma gravura que se assemelha a uma m\u00e1quina.<\/p>\n","protected":false},"excerpt":{"rendered":"<p>O design da skin \u00e9 feito num estilo futurista. O receptor e o guarda-m\u00e3o s\u00e3o pintados de amarelo. A coronha e o punho s\u00e3o revestidos com tinta cinzenta escura. A pega tem detalhes amarelos e o guarda-m\u00e3o \u00e9 adornado com uma inser\u00e7\u00e3o de carbono. O carregador n\u00e3o est\u00e1 pintado e \u00e9 complementado por uma gravura [&#8230;]\n","protected":false},"featured_media":12295,"template":"","meta":[],"product_brand":[],"product_cat":[285,268,269],"product_tag":[],"class_list":{"0":"post-13516","1":"product","2":"type-product","3":"status-publish","4":"has-post-thumbnail","6":"product_cat-a-colecao-wildfire","7":"product_cat-ak-47-pt-pt-espingarda","8":"product_cat-espingarda","9":"pa_rarity-secreto","10":"pa_start-four-stars-pt-pt","11":"pa_subcategories-ak-47-pt-pt","13":"first","14":"instock","15":"shipping-taxable","16":"purchasable","17":"product-type-simple"},"_links":{"self":[{"href":"https:\/\/skintrade.org\/pt-pt\/wp-json\/wp\/v2\/product\/13516","targetHints":{"allow":["GET"]}}],"collection":[{"href":"https:\/\/skintrade.org\/pt-pt\/wp-json\/wp\/v2\/product"}],"about":[{"href":"https:\/\/skintrade.org\/pt-pt\/wp-json\/wp\/v2\/types\/product"}],"wp:featuredmedia":[{"embeddable":true,"href":"https:\/\/skintrade.org\/pt-pt\/wp-json\/wp\/v2\/media\/12295"}],"wp:attachment":[{"href":"https:\/\/skintrade.org\/pt-pt\/wp-json\/wp\/v2\/media?parent=13516"}],"wp:term":[{"taxonomy":"product_brand","embeddable":true,"href":"https:\/\/skintrade.org\/pt-pt\/wp-json\/wp\/v2\/product_brand?post=13516"},{"taxonomy":"product_cat","embeddable":true,"href":"https:\/\/skintrade.org\/pt-pt\/wp-json\/wp\/v2\/product_cat?post=13516"},{"taxonomy":"product_tag","embeddable":true,"href":"https:\/\/skintrade.org\/pt-pt\/wp-json\/wp\/v2\/product_tag?post=13516"}],"curies":[{"name":"wp","href":"https:\/\/api.w.org\/{rel}","templated":true}]}}