{"id":13515,"date":"2022-09-15T12:56:28","date_gmt":"2022-09-15T12:56:28","guid":{"rendered":"https:\/\/skin2go.r-s.space\/product\/desert-eagle-kumicho-dragon\/"},"modified":"2025-08-21T13:50:11","modified_gmt":"2025-08-21T13:50:11","slug":"desert-eagle-kumicho-dragon","status":"publish","type":"product","link":"https:\/\/skintrade.org\/pt-pt\/produto\/desert-eagle-kumicho-dragon\/","title":{"rendered":"Kumicho Dragon"},"content":{"rendered":"<p>A l\u00e2mina \u00e9 revestida com tinta met\u00e1lica cinzenta e complementada com uma imagem branca de um drag\u00e3o oriental. A pega \u00e9 feita em roxo e gravada com um log\u00f3tipo redondo e uma imagem de um drag\u00e3o.<\/p>\n","protected":false},"excerpt":{"rendered":"<p>A l\u00e2mina \u00e9 revestida com tinta met\u00e1lica cinzenta e complementada com uma imagem branca de um drag\u00e3o oriental. A pega \u00e9 feita em roxo e gravada com um log\u00f3tipo redondo e uma imagem de um drag\u00e3o.<\/p>\n","protected":false},"featured_media":12301,"template":"","meta":[],"product_brand":[],"product_cat":[285,323,321],"product_tag":[],"class_list":{"0":"post-13515","1":"product","2":"type-product","3":"status-publish","4":"has-post-thumbnail","6":"product_cat-a-colecao-wildfire","7":"product_cat-desert-eagle-pt-pt","8":"product_cat-pistolas","9":"pa_rarity-confidencial","10":"pa_start-five-stars-pt-pt","11":"pa_subcategories-desert-eagle-pt-pt","13":"first","14":"instock","15":"shipping-taxable","16":"purchasable","17":"product-type-simple"},"_links":{"self":[{"href":"https:\/\/skintrade.org\/pt-pt\/wp-json\/wp\/v2\/product\/13515","targetHints":{"allow":["GET"]}}],"collection":[{"href":"https:\/\/skintrade.org\/pt-pt\/wp-json\/wp\/v2\/product"}],"about":[{"href":"https:\/\/skintrade.org\/pt-pt\/wp-json\/wp\/v2\/types\/product"}],"wp:featuredmedia":[{"embeddable":true,"href":"https:\/\/skintrade.org\/pt-pt\/wp-json\/wp\/v2\/media\/12301"}],"wp:attachment":[{"href":"https:\/\/skintrade.org\/pt-pt\/wp-json\/wp\/v2\/media?parent=13515"}],"wp:term":[{"taxonomy":"product_brand","embeddable":true,"href":"https:\/\/skintrade.org\/pt-pt\/wp-json\/wp\/v2\/product_brand?post=13515"},{"taxonomy":"product_cat","embeddable":true,"href":"https:\/\/skintrade.org\/pt-pt\/wp-json\/wp\/v2\/product_cat?post=13515"},{"taxonomy":"product_tag","embeddable":true,"href":"https:\/\/skintrade.org\/pt-pt\/wp-json\/wp\/v2\/product_tag?post=13515"}],"curies":[{"name":"wp","href":"https:\/\/api.w.org\/{rel}","templated":true}]}}