{"id":13513,"date":"2022-09-15T13:02:08","date_gmt":"2022-09-15T13:02:08","guid":{"rendered":"https:\/\/skin2go.r-s.space\/product\/awp-elite-build\/"},"modified":"2025-08-21T13:50:10","modified_gmt":"2025-08-21T13:50:10","slug":"awp-elite-build","status":"publish","type":"product","link":"https:\/\/skintrade.org\/pt-pt\/produto\/awp-elite-build\/","title":{"rendered":"Elite Build"},"content":{"rendered":"<p>O corpo da espingarda \u00e9 pintado de cinzento e adornado com um padr\u00e3o abstracto cinzento semelhante a uma camuflagem. O desenho do revestimento \u00e9 complementado por detalhes em bege sob a forma de riscas, inscri\u00e7\u00f5es e \u00edcones.<\/p>\n","protected":false},"excerpt":{"rendered":"<p>O corpo da espingarda \u00e9 pintado de cinzento e adornado com um padr\u00e3o abstracto cinzento semelhante a uma camuflagem. O desenho do revestimento \u00e9 complementado por detalhes em bege sob a forma de riscas, inscri\u00e7\u00f5es e \u00edcones.<\/p>\n","protected":false},"featured_media":12304,"template":"","meta":[],"product_brand":[],"product_cat":[285,333,269],"product_tag":[],"class_list":{"0":"post-13513","1":"product","2":"type-product","3":"status-publish","4":"has-post-thumbnail","6":"product_cat-a-colecao-wildfire","7":"product_cat-awp-pt-pt","8":"product_cat-espingarda","9":"pa_rarity-confidencial","10":"pa_start-five-stars-pt-pt","11":"pa_subcategories-awp-pt-pt","13":"first","14":"instock","15":"shipping-taxable","16":"purchasable","17":"product-type-simple"},"_links":{"self":[{"href":"https:\/\/skintrade.org\/pt-pt\/wp-json\/wp\/v2\/product\/13513","targetHints":{"allow":["GET"]}}],"collection":[{"href":"https:\/\/skintrade.org\/pt-pt\/wp-json\/wp\/v2\/product"}],"about":[{"href":"https:\/\/skintrade.org\/pt-pt\/wp-json\/wp\/v2\/types\/product"}],"wp:featuredmedia":[{"embeddable":true,"href":"https:\/\/skintrade.org\/pt-pt\/wp-json\/wp\/v2\/media\/12304"}],"wp:attachment":[{"href":"https:\/\/skintrade.org\/pt-pt\/wp-json\/wp\/v2\/media?parent=13513"}],"wp:term":[{"taxonomy":"product_brand","embeddable":true,"href":"https:\/\/skintrade.org\/pt-pt\/wp-json\/wp\/v2\/product_brand?post=13513"},{"taxonomy":"product_cat","embeddable":true,"href":"https:\/\/skintrade.org\/pt-pt\/wp-json\/wp\/v2\/product_cat?post=13513"},{"taxonomy":"product_tag","embeddable":true,"href":"https:\/\/skintrade.org\/pt-pt\/wp-json\/wp\/v2\/product_tag?post=13513"}],"curies":[{"name":"wp","href":"https:\/\/api.w.org\/{rel}","templated":true}]}}