{"id":13512,"date":"2022-09-15T13:04:58","date_gmt":"2022-09-15T13:04:58","guid":{"rendered":"https:\/\/skin2go.r-s.space\/product\/nova-hyper-beast\/"},"modified":"2025-08-21T13:49:41","modified_gmt":"2025-08-21T13:49:41","slug":"nova-hyper-beast","status":"publish","type":"product","link":"https:\/\/skintrade.org\/pt-pt\/produto\/nova-hyper-beast\/","title":{"rendered":"Hyper Beast"},"content":{"rendered":"<p>Todo o corpo da espingarda est\u00e1 adornado com uma imagem de uma criatura fant\u00e1stica em cores psicad\u00e9licas. O esquema de cores da skin inclui v\u00e1rios tons de verde, vermelho, roxo, laranja e azul.<\/p>\n","protected":false},"excerpt":{"rendered":"<p>Todo o corpo da espingarda est\u00e1 adornado com uma imagem de uma criatura fant\u00e1stica em cores psicad\u00e9licas. O esquema de cores da skin inclui v\u00e1rios tons de verde, vermelho, roxo, laranja e azul.<\/p>\n","protected":false},"featured_media":12307,"template":"","meta":[],"product_brand":[],"product_cat":[285,294,298],"product_tag":[],"class_list":{"0":"post-13512","1":"product","2":"type-product","3":"status-publish","4":"has-post-thumbnail","6":"product_cat-a-colecao-wildfire","7":"product_cat-arma-pesada","8":"product_cat-nova-pt-pt","9":"pa_rarity-confidencial","10":"pa_start-four-stars-pt-pt","11":"pa_subcategories-nova-pt-pt","13":"first","14":"instock","15":"shipping-taxable","16":"purchasable","17":"product-type-simple"},"_links":{"self":[{"href":"https:\/\/skintrade.org\/pt-pt\/wp-json\/wp\/v2\/product\/13512","targetHints":{"allow":["GET"]}}],"collection":[{"href":"https:\/\/skintrade.org\/pt-pt\/wp-json\/wp\/v2\/product"}],"about":[{"href":"https:\/\/skintrade.org\/pt-pt\/wp-json\/wp\/v2\/types\/product"}],"wp:featuredmedia":[{"embeddable":true,"href":"https:\/\/skintrade.org\/pt-pt\/wp-json\/wp\/v2\/media\/12307"}],"wp:attachment":[{"href":"https:\/\/skintrade.org\/pt-pt\/wp-json\/wp\/v2\/media?parent=13512"}],"wp:term":[{"taxonomy":"product_brand","embeddable":true,"href":"https:\/\/skintrade.org\/pt-pt\/wp-json\/wp\/v2\/product_brand?post=13512"},{"taxonomy":"product_cat","embeddable":true,"href":"https:\/\/skintrade.org\/pt-pt\/wp-json\/wp\/v2\/product_cat?post=13512"},{"taxonomy":"product_tag","embeddable":true,"href":"https:\/\/skintrade.org\/pt-pt\/wp-json\/wp\/v2\/product_tag?post=13512"}],"curies":[{"name":"wp","href":"https:\/\/api.w.org\/{rel}","templated":true}]}}