{"id":13511,"date":"2022-09-15T13:15:24","date_gmt":"2022-09-15T13:15:24","guid":{"rendered":"https:\/\/skin2go.r-s.space\/product\/five-seven-triumvirate\/"},"modified":"2025-08-21T13:49:43","modified_gmt":"2025-08-21T13:49:43","slug":"five-seven-triumvirate","status":"publish","type":"product","link":"https:\/\/skintrade.org\/pt-pt\/produto\/five-seven-triumvirate\/","title":{"rendered":"Triumvirate"},"content":{"rendered":"<p>O escorrega \u00e9 pintado de cinzento escuro e adornado com um padr\u00e3o floral preto. O resto do corpo \u00e9 pintado com um padr\u00e3o digital disruptivo cinzento-azul. A pega est\u00e1 decorada com inser\u00e7\u00f5es em skin castanha. O desenho \u00e9 complementado com pormenores sob a forma de riscas amarelas. As pequenas partes individuais da arma n\u00e3o est\u00e3o pintadas.<\/p>\n","protected":false},"excerpt":{"rendered":"<p>O escorrega \u00e9 pintado de cinzento escuro e adornado com um padr\u00e3o floral preto. O resto do corpo \u00e9 pintado com um padr\u00e3o digital disruptivo cinzento-azul. A pega est\u00e1 decorada com inser\u00e7\u00f5es em skin castanha. O desenho \u00e9 complementado com pormenores sob a forma de riscas amarelas. As pequenas partes individuais da arma n\u00e3o est\u00e3o [&#8230;]\n","protected":false},"featured_media":12316,"template":"","meta":[],"product_brand":[],"product_cat":[285,325,321],"product_tag":[],"class_list":{"0":"post-13511","1":"product","2":"type-product","3":"status-publish","4":"has-post-thumbnail","6":"product_cat-a-colecao-wildfire","7":"product_cat-five-seven-pt-pt","8":"product_cat-pistolas","9":"pa_rarity-restrito","10":"pa_start-five-stars-pt-pt","11":"pa_subcategories-five-seven-pt-pt","13":"first","14":"instock","15":"shipping-taxable","16":"purchasable","17":"product-type-simple"},"_links":{"self":[{"href":"https:\/\/skintrade.org\/pt-pt\/wp-json\/wp\/v2\/product\/13511","targetHints":{"allow":["GET"]}}],"collection":[{"href":"https:\/\/skintrade.org\/pt-pt\/wp-json\/wp\/v2\/product"}],"about":[{"href":"https:\/\/skintrade.org\/pt-pt\/wp-json\/wp\/v2\/types\/product"}],"wp:featuredmedia":[{"embeddable":true,"href":"https:\/\/skintrade.org\/pt-pt\/wp-json\/wp\/v2\/media\/12316"}],"wp:attachment":[{"href":"https:\/\/skintrade.org\/pt-pt\/wp-json\/wp\/v2\/media?parent=13511"}],"wp:term":[{"taxonomy":"product_brand","embeddable":true,"href":"https:\/\/skintrade.org\/pt-pt\/wp-json\/wp\/v2\/product_brand?post=13511"},{"taxonomy":"product_cat","embeddable":true,"href":"https:\/\/skintrade.org\/pt-pt\/wp-json\/wp\/v2\/product_cat?post=13511"},{"taxonomy":"product_tag","embeddable":true,"href":"https:\/\/skintrade.org\/pt-pt\/wp-json\/wp\/v2\/product_tag?post=13511"}],"curies":[{"name":"wp","href":"https:\/\/api.w.org\/{rel}","templated":true}]}}