{"id":13510,"date":"2022-09-15T13:12:02","date_gmt":"2022-09-15T13:12:02","guid":{"rendered":"https:\/\/skin2go.r-s.space\/product\/famas-valence\/"},"modified":"2025-08-21T13:49:34","modified_gmt":"2025-08-21T13:49:34","slug":"famas-valence","status":"publish","type":"product","link":"https:\/\/skintrade.org\/pt-pt\/produto\/famas-valence\/","title":{"rendered":"Valence"},"content":{"rendered":"<p>O design do revestimento \u00e9 feito num estilo futurista. As partes individuais da espingarda s\u00e3o pintadas com um gradiente de cinzento e complementadas com um padr\u00e3o vermelho-alaranjado de formas geom\u00e9tricas e linhas. O carregador n\u00e3o est\u00e1 pintado.<\/p>\n","protected":false},"excerpt":{"rendered":"<p>O design do revestimento \u00e9 feito num estilo futurista. As partes individuais da espingarda s\u00e3o pintadas com um gradiente de cinzento e complementadas com um padr\u00e3o vermelho-alaranjado de formas geom\u00e9tricas e linhas. O carregador n\u00e3o est\u00e1 pintado.<\/p>\n","protected":false},"featured_media":12313,"template":"","meta":[],"product_brand":[],"product_cat":[285,269,334],"product_tag":[],"class_list":{"0":"post-13510","1":"product","2":"type-product","3":"status-publish","4":"has-post-thumbnail","6":"product_cat-a-colecao-wildfire","7":"product_cat-espingarda","8":"product_cat-famas-pt-pt","9":"pa_rarity-restrito","10":"pa_start-three-stars-pt-pt","11":"pa_subcategories-famas-pt-pt","13":"first","14":"instock","15":"shipping-taxable","16":"purchasable","17":"product-type-simple"},"_links":{"self":[{"href":"https:\/\/skintrade.org\/pt-pt\/wp-json\/wp\/v2\/product\/13510","targetHints":{"allow":["GET"]}}],"collection":[{"href":"https:\/\/skintrade.org\/pt-pt\/wp-json\/wp\/v2\/product"}],"about":[{"href":"https:\/\/skintrade.org\/pt-pt\/wp-json\/wp\/v2\/types\/product"}],"wp:featuredmedia":[{"embeddable":true,"href":"https:\/\/skintrade.org\/pt-pt\/wp-json\/wp\/v2\/media\/12313"}],"wp:attachment":[{"href":"https:\/\/skintrade.org\/pt-pt\/wp-json\/wp\/v2\/media?parent=13510"}],"wp:term":[{"taxonomy":"product_brand","embeddable":true,"href":"https:\/\/skintrade.org\/pt-pt\/wp-json\/wp\/v2\/product_brand?post=13510"},{"taxonomy":"product_cat","embeddable":true,"href":"https:\/\/skintrade.org\/pt-pt\/wp-json\/wp\/v2\/product_cat?post=13510"},{"taxonomy":"product_tag","embeddable":true,"href":"https:\/\/skintrade.org\/pt-pt\/wp-json\/wp\/v2\/product_tag?post=13510"}],"curies":[{"name":"wp","href":"https:\/\/api.w.org\/{rel}","templated":true}]}}