{"id":13509,"date":"2022-09-15T13:08:06","date_gmt":"2022-09-15T13:08:06","guid":{"rendered":"https:\/\/skin2go.r-s.space\/product\/glock-18-royal-legion\/"},"modified":"2025-08-21T13:49:44","modified_gmt":"2025-08-21T13:49:44","slug":"glock-18-royal-legion","status":"publish","type":"product","link":"https:\/\/skintrade.org\/pt-pt\/produto\/glock-18-royal-legion\/","title":{"rendered":"Royal Legion"},"content":{"rendered":"<p>A corredi\u00e7a est\u00e1 gravada com um padr\u00e3o de folhas de carvalho e bolotas e \u00e9 complementada com a inscri\u00e7\u00e3o &#8220;18 Austria&#8221;. As restantes partes da pistola est\u00e3o pintadas de castanho s\u00f3lido.<\/p>\n","protected":false},"excerpt":{"rendered":"<p>A corredi\u00e7a est\u00e1 gravada com um padr\u00e3o de folhas de carvalho e bolotas e \u00e9 complementada com a inscri\u00e7\u00e3o &#8220;18 Austria&#8221;. As restantes partes da pistola est\u00e3o pintadas de castanho s\u00f3lido.<\/p>\n","protected":false},"featured_media":12310,"template":"","meta":[],"product_brand":[],"product_cat":[285,326,321],"product_tag":[],"class_list":{"0":"post-13509","1":"product","2":"type-product","3":"status-publish","4":"has-post-thumbnail","6":"product_cat-a-colecao-wildfire","7":"product_cat-glock-18-pt-pt","8":"product_cat-pistolas","9":"pa_rarity-restrito","10":"pa_start-five-stars-pt-pt","11":"pa_subcategories-glock-18-pt-pt","13":"first","14":"instock","15":"shipping-taxable","16":"purchasable","17":"product-type-simple"},"_links":{"self":[{"href":"https:\/\/skintrade.org\/pt-pt\/wp-json\/wp\/v2\/product\/13509","targetHints":{"allow":["GET"]}}],"collection":[{"href":"https:\/\/skintrade.org\/pt-pt\/wp-json\/wp\/v2\/product"}],"about":[{"href":"https:\/\/skintrade.org\/pt-pt\/wp-json\/wp\/v2\/types\/product"}],"wp:featuredmedia":[{"embeddable":true,"href":"https:\/\/skintrade.org\/pt-pt\/wp-json\/wp\/v2\/media\/12310"}],"wp:attachment":[{"href":"https:\/\/skintrade.org\/pt-pt\/wp-json\/wp\/v2\/media?parent=13509"}],"wp:term":[{"taxonomy":"product_brand","embeddable":true,"href":"https:\/\/skintrade.org\/pt-pt\/wp-json\/wp\/v2\/product_brand?post=13509"},{"taxonomy":"product_cat","embeddable":true,"href":"https:\/\/skintrade.org\/pt-pt\/wp-json\/wp\/v2\/product_cat?post=13509"},{"taxonomy":"product_tag","embeddable":true,"href":"https:\/\/skintrade.org\/pt-pt\/wp-json\/wp\/v2\/product_tag?post=13509"}],"curies":[{"name":"wp","href":"https:\/\/api.w.org\/{rel}","templated":true}]}}