{"id":13506,"date":"2022-09-15T13:29:27","date_gmt":"2022-09-15T13:29:27","guid":{"rendered":"https:\/\/skin2go.r-s.space\/product\/ssg-08-necropos\/"},"modified":"2025-08-21T13:49:35","modified_gmt":"2025-08-21T13:49:35","slug":"ssg-08-necropos","status":"publish","type":"product","link":"https:\/\/skintrade.org\/pt-pt\/produto\/ssg-08-necropos\/","title":{"rendered":"Necropos"},"content":{"rendered":"<p>O corpo da espingarda \u00e9 ornamentado com um padr\u00e3o que imita a textura da pedra. A parte central da espingarda \u00e9 completada com pictogramas em forma de runas verdes. A parte superior da coronha \u00e9 ornamentada com a inscri\u00e7\u00e3o &#8220;Hunt them down&#8221;. O punho est\u00e1 envolto em fita adesiva castanha-alaranjada. A mira e as pequenas partes individuais da arma n\u00e3o est\u00e3o pintadas.<\/p>\n","protected":false},"excerpt":{"rendered":"<p>O corpo da espingarda \u00e9 ornamentado com um padr\u00e3o que imita a textura da pedra. A parte central da espingarda \u00e9 completada com pictogramas em forma de runas verdes. A parte superior da coronha \u00e9 ornamentada com a inscri\u00e7\u00e3o &#8220;Hunt them down&#8221;. O punho est\u00e1 envolto em fita adesiva castanha-alaranjada. A mira e as pequenas [&#8230;]\n","protected":false},"featured_media":12328,"template":"","meta":[],"product_brand":[],"product_cat":[285,269,341],"product_tag":[],"class_list":{"0":"post-13506","1":"product","2":"type-product","3":"status-publish","4":"has-post-thumbnail","6":"product_cat-a-colecao-wildfire","7":"product_cat-espingarda","8":"product_cat-ssg-08-pt-pt","9":"pa_rarity-padrao-militar","10":"pa_start-four-stars-pt-pt","11":"pa_subcategories-ssg-08-pt-pt","13":"first","14":"instock","15":"shipping-taxable","16":"purchasable","17":"product-type-simple"},"_links":{"self":[{"href":"https:\/\/skintrade.org\/pt-pt\/wp-json\/wp\/v2\/product\/13506","targetHints":{"allow":["GET"]}}],"collection":[{"href":"https:\/\/skintrade.org\/pt-pt\/wp-json\/wp\/v2\/product"}],"about":[{"href":"https:\/\/skintrade.org\/pt-pt\/wp-json\/wp\/v2\/types\/product"}],"wp:featuredmedia":[{"embeddable":true,"href":"https:\/\/skintrade.org\/pt-pt\/wp-json\/wp\/v2\/media\/12328"}],"wp:attachment":[{"href":"https:\/\/skintrade.org\/pt-pt\/wp-json\/wp\/v2\/media?parent=13506"}],"wp:term":[{"taxonomy":"product_brand","embeddable":true,"href":"https:\/\/skintrade.org\/pt-pt\/wp-json\/wp\/v2\/product_brand?post=13506"},{"taxonomy":"product_cat","embeddable":true,"href":"https:\/\/skintrade.org\/pt-pt\/wp-json\/wp\/v2\/product_cat?post=13506"},{"taxonomy":"product_tag","embeddable":true,"href":"https:\/\/skintrade.org\/pt-pt\/wp-json\/wp\/v2\/product_tag?post=13506"}],"curies":[{"name":"wp","href":"https:\/\/api.w.org\/{rel}","templated":true}]}}