{"id":13505,"date":"2022-09-15T13:25:21","date_gmt":"2022-09-15T13:25:21","guid":{"rendered":"https:\/\/skin2go.r-s.space\/product\/usp-s-lead-conduit\/"},"modified":"2025-08-21T13:49:43","modified_gmt":"2025-08-21T13:49:43","slug":"usp-s-lead-conduit","status":"publish","type":"product","link":"https:\/\/skintrade.org\/pt-pt\/produto\/usp-s-lead-conduit\/","title":{"rendered":"Lead Conduit"},"content":{"rendered":"<p>O silenciador e a corredi\u00e7a n\u00e3o s\u00e3o pintados e s\u00e3o adornados com uma grava\u00e7\u00e3o complexa que inclui imagens de rel\u00e2mpagos e carac\u00f3is. O punho \u00e9 pintado de caqui e complementado por uma inser\u00e7\u00e3o met\u00e1lica preta.<\/p>\n","protected":false},"excerpt":{"rendered":"<p>O silenciador e a corredi\u00e7a n\u00e3o s\u00e3o pintados e s\u00e3o adornados com uma grava\u00e7\u00e3o complexa que inclui imagens de rel\u00e2mpagos e carac\u00f3is. O punho \u00e9 pintado de caqui e complementado por uma inser\u00e7\u00e3o met\u00e1lica preta.<\/p>\n","protected":false},"featured_media":12325,"template":"","meta":[],"product_brand":[],"product_cat":[285,321,331],"product_tag":[],"class_list":{"0":"post-13505","1":"product","2":"type-product","3":"status-publish","4":"has-post-thumbnail","6":"product_cat-a-colecao-wildfire","7":"product_cat-pistolas","8":"product_cat-usp-s-pt-pt","9":"pa_rarity-padrao-militar","10":"pa_start-five-stars-pt-pt","11":"pa_subcategories-usp-s-pt-pt","13":"first","14":"instock","15":"shipping-taxable","16":"purchasable","17":"product-type-simple"},"_links":{"self":[{"href":"https:\/\/skintrade.org\/pt-pt\/wp-json\/wp\/v2\/product\/13505","targetHints":{"allow":["GET"]}}],"collection":[{"href":"https:\/\/skintrade.org\/pt-pt\/wp-json\/wp\/v2\/product"}],"about":[{"href":"https:\/\/skintrade.org\/pt-pt\/wp-json\/wp\/v2\/types\/product"}],"wp:featuredmedia":[{"embeddable":true,"href":"https:\/\/skintrade.org\/pt-pt\/wp-json\/wp\/v2\/media\/12325"}],"wp:attachment":[{"href":"https:\/\/skintrade.org\/pt-pt\/wp-json\/wp\/v2\/media?parent=13505"}],"wp:term":[{"taxonomy":"product_brand","embeddable":true,"href":"https:\/\/skintrade.org\/pt-pt\/wp-json\/wp\/v2\/product_brand?post=13505"},{"taxonomy":"product_cat","embeddable":true,"href":"https:\/\/skintrade.org\/pt-pt\/wp-json\/wp\/v2\/product_cat?post=13505"},{"taxonomy":"product_tag","embeddable":true,"href":"https:\/\/skintrade.org\/pt-pt\/wp-json\/wp\/v2\/product_tag?post=13505"}],"curies":[{"name":"wp","href":"https:\/\/api.w.org\/{rel}","templated":true}]}}