{"id":13504,"date":"2022-09-15T13:33:33","date_gmt":"2022-09-15T13:33:33","guid":{"rendered":"https:\/\/skin2go.r-s.space\/product\/mac-10-lapis-gator\/"},"modified":"2025-08-21T13:49:38","modified_gmt":"2025-08-21T13:49:38","slug":"mac-10-lapis-gator","status":"publish","type":"product","link":"https:\/\/skintrade.org\/pt-pt\/produto\/mac-10-lapis-gator\/","title":{"rendered":"Lapis Gator"},"content":{"rendered":"<p>O receptor \u00e9 adornado com um padr\u00e3o geom\u00e9trico que se assemelha \u00e0 skin de crocodilo. O esquema de cores do padr\u00e3o inclui v\u00e1rios tons de azul. O resto da arma n\u00e3o est\u00e1 pintado.<\/p>\n","protected":false},"excerpt":{"rendered":"<p>O receptor \u00e9 adornado com um padr\u00e3o geom\u00e9trico que se assemelha \u00e0 skin de crocodilo. O esquema de cores do padr\u00e3o inclui v\u00e1rios tons de azul. O resto da arma n\u00e3o est\u00e1 pintado.<\/p>\n","protected":false},"featured_media":12331,"template":"","meta":[],"product_brand":[],"product_cat":[285,343,342],"product_tag":[],"class_list":{"0":"post-13504","1":"product","2":"type-product","3":"status-publish","4":"has-post-thumbnail","6":"product_cat-a-colecao-wildfire","7":"product_cat-mac-10-pt-pt","8":"product_cat-submetralhadoras","9":"pa_rarity-padrao-militar","10":"pa_start-five-stars-pt-pt","11":"pa_subcategories-mac-10-pt-pt","13":"first","14":"instock","15":"shipping-taxable","16":"purchasable","17":"product-type-simple"},"_links":{"self":[{"href":"https:\/\/skintrade.org\/pt-pt\/wp-json\/wp\/v2\/product\/13504","targetHints":{"allow":["GET"]}}],"collection":[{"href":"https:\/\/skintrade.org\/pt-pt\/wp-json\/wp\/v2\/product"}],"about":[{"href":"https:\/\/skintrade.org\/pt-pt\/wp-json\/wp\/v2\/types\/product"}],"wp:featuredmedia":[{"embeddable":true,"href":"https:\/\/skintrade.org\/pt-pt\/wp-json\/wp\/v2\/media\/12331"}],"wp:attachment":[{"href":"https:\/\/skintrade.org\/pt-pt\/wp-json\/wp\/v2\/media?parent=13504"}],"wp:term":[{"taxonomy":"product_brand","embeddable":true,"href":"https:\/\/skintrade.org\/pt-pt\/wp-json\/wp\/v2\/product_brand?post=13504"},{"taxonomy":"product_cat","embeddable":true,"href":"https:\/\/skintrade.org\/pt-pt\/wp-json\/wp\/v2\/product_cat?post=13504"},{"taxonomy":"product_tag","embeddable":true,"href":"https:\/\/skintrade.org\/pt-pt\/wp-json\/wp\/v2\/product_tag?post=13504"}],"curies":[{"name":"wp","href":"https:\/\/api.w.org\/{rel}","templated":true}]}}