{"id":13503,"date":"2022-09-15T13:37:36","date_gmt":"2022-09-15T13:37:36","guid":{"rendered":"https:\/\/skin2go.r-s.space\/product\/pp-bizon-photic-zone\/"},"modified":"2025-08-21T13:49:37","modified_gmt":"2025-08-21T13:49:37","slug":"pp-bizon-photic-zone","status":"publish","type":"product","link":"https:\/\/skintrade.org\/pt-pt\/produto\/pp-bizon-photic-zone\/","title":{"rendered":"Photic Zone"},"content":{"rendered":"<p>Todo o corpo da submetralhadora est\u00e1 decorado com um padr\u00e3o de camuflagem em v\u00e1rios tons de azul-petr\u00f3leo. O carregador, a coronha e o punho t\u00eam uma superf\u00edcie texturada. O design da skin \u00e9 complementado por detalhes em branco e amarelo vivo.<\/p>\n","protected":false},"excerpt":{"rendered":"<p>Todo o corpo da submetralhadora est\u00e1 decorado com um padr\u00e3o de camuflagem em v\u00e1rios tons de azul-petr\u00f3leo. O carregador, a coronha e o punho t\u00eam uma superf\u00edcie texturada. O design da skin \u00e9 complementado por detalhes em branco e amarelo vivo.<\/p>\n","protected":false},"featured_media":12334,"template":"","meta":[],"product_brand":[],"product_cat":[285,348,342],"product_tag":[],"class_list":{"0":"post-13503","1":"product","2":"type-product","3":"status-publish","4":"has-post-thumbnail","6":"product_cat-a-colecao-wildfire","7":"product_cat-pp-bizon-pt-pt","8":"product_cat-submetralhadoras","9":"pa_rarity-padrao-militar","10":"pa_start-one-star-pt-pt","11":"pa_subcategories-pp-bizon-pt-pt","13":"first","14":"instock","15":"shipping-taxable","16":"purchasable","17":"product-type-simple"},"_links":{"self":[{"href":"https:\/\/skintrade.org\/pt-pt\/wp-json\/wp\/v2\/product\/13503","targetHints":{"allow":["GET"]}}],"collection":[{"href":"https:\/\/skintrade.org\/pt-pt\/wp-json\/wp\/v2\/product"}],"about":[{"href":"https:\/\/skintrade.org\/pt-pt\/wp-json\/wp\/v2\/types\/product"}],"wp:featuredmedia":[{"embeddable":true,"href":"https:\/\/skintrade.org\/pt-pt\/wp-json\/wp\/v2\/media\/12334"}],"wp:attachment":[{"href":"https:\/\/skintrade.org\/pt-pt\/wp-json\/wp\/v2\/media?parent=13503"}],"wp:term":[{"taxonomy":"product_brand","embeddable":true,"href":"https:\/\/skintrade.org\/pt-pt\/wp-json\/wp\/v2\/product_brand?post=13503"},{"taxonomy":"product_cat","embeddable":true,"href":"https:\/\/skintrade.org\/pt-pt\/wp-json\/wp\/v2\/product_cat?post=13503"},{"taxonomy":"product_tag","embeddable":true,"href":"https:\/\/skintrade.org\/pt-pt\/wp-json\/wp\/v2\/product_tag?post=13503"}],"curies":[{"name":"wp","href":"https:\/\/api.w.org\/{rel}","templated":true}]}}