{"id":13502,"date":"2022-09-15T13:41:21","date_gmt":"2022-09-15T13:41:21","guid":{"rendered":"https:\/\/skin2go.r-s.space\/product\/dual-berettas-cartel\/"},"modified":"2025-08-21T13:49:08","modified_gmt":"2025-08-21T13:49:08","slug":"dual-berettas-cartel","status":"publish","type":"product","link":"https:\/\/skintrade.org\/pt-pt\/produto\/dual-berettas-cartel\/","title":{"rendered":"Cartel"},"content":{"rendered":"<p>As portinholas das pistolas s\u00e3o feitas de metal amarelo e gravadas com um padr\u00e3o floral. O desenho \u00e9 completado por gravuras de caveiras feitas ao estilo do Dia dos Mortos mexicano. Os punhos s\u00e3o revestidos de pain\u00e9is com inser\u00e7\u00f5es peroladas e adornados com um emblema com a forma de uma cobra de duas cabe\u00e7as. As restantes partes das pistolas n\u00e3o est\u00e3o pintadas.<\/p>\n","protected":false},"excerpt":{"rendered":"<p>As portinholas das pistolas s\u00e3o feitas de metal amarelo e gravadas com um padr\u00e3o floral. O desenho \u00e9 completado por gravuras de caveiras feitas ao estilo do Dia dos Mortos mexicano. Os punhos s\u00e3o revestidos de pain\u00e9is com inser\u00e7\u00f5es peroladas e adornados com um emblema com a forma de uma cobra de duas cabe\u00e7as. As [&#8230;]\n","protected":false},"featured_media":12337,"template":"","meta":[],"product_brand":[],"product_cat":[285,324,321],"product_tag":[],"class_list":{"0":"post-13502","1":"product","2":"type-product","3":"status-publish","4":"has-post-thumbnail","6":"product_cat-a-colecao-wildfire","7":"product_cat-dual-berettas-pt-pt","8":"product_cat-pistolas","9":"pa_rarity-padrao-militar","10":"pa_start-five-stars-pt-pt","11":"pa_subcategories-dual-berettas-pt-pt","13":"first","14":"instock","15":"shipping-taxable","16":"purchasable","17":"product-type-simple"},"_links":{"self":[{"href":"https:\/\/skintrade.org\/pt-pt\/wp-json\/wp\/v2\/product\/13502","targetHints":{"allow":["GET"]}}],"collection":[{"href":"https:\/\/skintrade.org\/pt-pt\/wp-json\/wp\/v2\/product"}],"about":[{"href":"https:\/\/skintrade.org\/pt-pt\/wp-json\/wp\/v2\/types\/product"}],"wp:featuredmedia":[{"embeddable":true,"href":"https:\/\/skintrade.org\/pt-pt\/wp-json\/wp\/v2\/media\/12337"}],"wp:attachment":[{"href":"https:\/\/skintrade.org\/pt-pt\/wp-json\/wp\/v2\/media?parent=13502"}],"wp:term":[{"taxonomy":"product_brand","embeddable":true,"href":"https:\/\/skintrade.org\/pt-pt\/wp-json\/wp\/v2\/product_brand?post=13502"},{"taxonomy":"product_cat","embeddable":true,"href":"https:\/\/skintrade.org\/pt-pt\/wp-json\/wp\/v2\/product_cat?post=13502"},{"taxonomy":"product_tag","embeddable":true,"href":"https:\/\/skintrade.org\/pt-pt\/wp-json\/wp\/v2\/product_tag?post=13502"}],"curies":[{"name":"wp","href":"https:\/\/api.w.org\/{rel}","templated":true}]}}