{"id":13501,"date":"2022-09-15T13:45:35","date_gmt":"2022-09-15T13:45:35","guid":{"rendered":"https:\/\/skin2go.r-s.space\/product\/tec-9-jambiya\/"},"modified":"2025-08-21T13:49:09","modified_gmt":"2025-08-21T13:49:09","slug":"tec-9-jambiya","status":"publish","type":"product","link":"https:\/\/skintrade.org\/pt-pt\/produto\/tec-9-jambiya\/","title":{"rendered":"Jambiya"},"content":{"rendered":"<p>O corpo da pistola e o carregador s\u00e3o pintados de forma irregular em v\u00e1rios tons de cinzento e complementados com ornamentos orientais em forma de carac\u00f3is e diamantes. O esquema de cores do padr\u00e3o inclui tons claros de cinzento e castanho. O receptor \u00e9 revestido por uma placa de metal estampado, adornada com diferentes ornamentos texturados.<\/p>\n","protected":false},"excerpt":{"rendered":"<p>O corpo da pistola e o carregador s\u00e3o pintados de forma irregular em v\u00e1rios tons de cinzento e complementados com ornamentos orientais em forma de carac\u00f3is e diamantes. O esquema de cores do padr\u00e3o inclui tons claros de cinzento e castanho. O receptor \u00e9 revestido por uma placa de metal estampado, adornada com diferentes ornamentos [&#8230;]\n","protected":false},"featured_media":12340,"template":"","meta":[],"product_brand":[],"product_cat":[285,321,330],"product_tag":[],"class_list":{"0":"post-13501","1":"product","2":"type-product","3":"status-publish","4":"has-post-thumbnail","6":"product_cat-a-colecao-wildfire","7":"product_cat-pistolas","8":"product_cat-tec-9-pt-pt","9":"pa_rarity-padrao-militar","10":"pa_start-two-stars-pt-pt","11":"pa_subcategories-tec-9-pt-pt","13":"first","14":"instock","15":"shipping-taxable","16":"purchasable","17":"product-type-simple"},"_links":{"self":[{"href":"https:\/\/skintrade.org\/pt-pt\/wp-json\/wp\/v2\/product\/13501","targetHints":{"allow":["GET"]}}],"collection":[{"href":"https:\/\/skintrade.org\/pt-pt\/wp-json\/wp\/v2\/product"}],"about":[{"href":"https:\/\/skintrade.org\/pt-pt\/wp-json\/wp\/v2\/types\/product"}],"wp:featuredmedia":[{"embeddable":true,"href":"https:\/\/skintrade.org\/pt-pt\/wp-json\/wp\/v2\/media\/12340"}],"wp:attachment":[{"href":"https:\/\/skintrade.org\/pt-pt\/wp-json\/wp\/v2\/media?parent=13501"}],"wp:term":[{"taxonomy":"product_brand","embeddable":true,"href":"https:\/\/skintrade.org\/pt-pt\/wp-json\/wp\/v2\/product_brand?post=13501"},{"taxonomy":"product_cat","embeddable":true,"href":"https:\/\/skintrade.org\/pt-pt\/wp-json\/wp\/v2\/product_cat?post=13501"},{"taxonomy":"product_tag","embeddable":true,"href":"https:\/\/skintrade.org\/pt-pt\/wp-json\/wp\/v2\/product_tag?post=13501"}],"curies":[{"name":"wp","href":"https:\/\/api.w.org\/{rel}","templated":true}]}}