{"id":13500,"date":"2022-09-15T14:12:06","date_gmt":"2022-09-15T14:12:06","guid":{"rendered":"https:\/\/skin2go.r-s.space\/product\/ak-47-legion-of-anubis\/"},"modified":"2025-08-21T13:49:02","modified_gmt":"2025-08-21T13:49:02","slug":"ak-47-legion-of-anubis","status":"publish","type":"product","link":"https:\/\/skintrade.org\/pt-pt\/produto\/ak-47-legion-of-anubis\/","title":{"rendered":"Legion of Anubis"},"content":{"rendered":"<p>O design da skin \u00e9 inspirado nos antigos mitos eg\u00edpcios. Todo o corpo da espingarda est\u00e1 adornado com uma pintura complexa e pormenorizada, que apresenta imagens dos deuses R\u00e1 e An\u00fabis, bem como v\u00e1rios s\u00edmbolos e hier\u00f3glifos eg\u00edpcios antigos. A pega \u00e9 complementada com a imagem de um fara\u00f3 de p\u00e9 e a coronha \u00e9 pintada com a imagem da cabe\u00e7a de uma m\u00famia com um olho vermelho brilhante. O esquema de cores da skin inclui v\u00e1rios tons de amarelo e azul.<\/p>\n","protected":false},"excerpt":{"rendered":"<p>O design da skin \u00e9 inspirado nos antigos mitos eg\u00edpcios. Todo o corpo da espingarda est\u00e1 adornado com uma pintura complexa e pormenorizada, que apresenta imagens dos deuses R\u00e1 e An\u00fabis, bem como v\u00e1rios s\u00edmbolos e hier\u00f3glifos eg\u00edpcios antigos. A pega \u00e9 complementada com a imagem de um fara\u00f3 de p\u00e9 e a coronha \u00e9 [&#8230;]\n","protected":false},"featured_media":12346,"template":"","meta":[],"product_brand":[],"product_cat":[282,268,269],"product_tag":[],"class_list":{"0":"post-13500","1":"product","2":"type-product","3":"status-publish","4":"has-post-thumbnail","6":"product_cat-a-colecao-fracture","7":"product_cat-ak-47-pt-pt-espingarda","8":"product_cat-espingarda","9":"pa_rarity-secreto","10":"pa_start-four-stars-pt-pt","11":"pa_subcategories-ak-47-pt-pt","13":"first","14":"instock","15":"shipping-taxable","16":"purchasable","17":"product-type-simple"},"_links":{"self":[{"href":"https:\/\/skintrade.org\/pt-pt\/wp-json\/wp\/v2\/product\/13500","targetHints":{"allow":["GET"]}}],"collection":[{"href":"https:\/\/skintrade.org\/pt-pt\/wp-json\/wp\/v2\/product"}],"about":[{"href":"https:\/\/skintrade.org\/pt-pt\/wp-json\/wp\/v2\/types\/product"}],"wp:featuredmedia":[{"embeddable":true,"href":"https:\/\/skintrade.org\/pt-pt\/wp-json\/wp\/v2\/media\/12346"}],"wp:attachment":[{"href":"https:\/\/skintrade.org\/pt-pt\/wp-json\/wp\/v2\/media?parent=13500"}],"wp:term":[{"taxonomy":"product_brand","embeddable":true,"href":"https:\/\/skintrade.org\/pt-pt\/wp-json\/wp\/v2\/product_brand?post=13500"},{"taxonomy":"product_cat","embeddable":true,"href":"https:\/\/skintrade.org\/pt-pt\/wp-json\/wp\/v2\/product_cat?post=13500"},{"taxonomy":"product_tag","embeddable":true,"href":"https:\/\/skintrade.org\/pt-pt\/wp-json\/wp\/v2\/product_tag?post=13500"}],"curies":[{"name":"wp","href":"https:\/\/api.w.org\/{rel}","templated":true}]}}