{"id":13499,"date":"2022-09-15T14:07:08","date_gmt":"2022-09-15T14:07:08","guid":{"rendered":"https:\/\/skin2go.r-s.space\/product\/desert-eagle-printstream\/"},"modified":"2023-04-27T17:55:40","modified_gmt":"2023-04-27T17:55:40","slug":"desert-eagle-printstream","status":"publish","type":"product","link":"https:\/\/skintrade.org\/pt-pt\/produto\/desert-eagle-printstream\/","title":{"rendered":"Printstream"},"content":{"rendered":"<p>O cursor da pistola \u00e9 pintado de branco s\u00f3lido e decorado com v\u00e1rios \u00edcones e a inscri\u00e7\u00e3o &#8220;XXXY&#8221;. O punho \u00e9 pintado de cinzento escuro e adornado com \u00edcones e inscri\u00e7\u00f5es brancas. O design \u00e9 complementado por pormenores sob a forma de pequenas riscas peroladas.<\/p>\n","protected":false},"excerpt":{"rendered":"<p>O cursor da pistola \u00e9 pintado de branco s\u00f3lido e decorado com v\u00e1rios \u00edcones e a inscri\u00e7\u00e3o &#8220;XXXY&#8221;. O punho \u00e9 pintado de cinzento escuro e adornado com \u00edcones e inscri\u00e7\u00f5es brancas. O design \u00e9 complementado por pormenores sob a forma de pequenas riscas peroladas.<\/p>\n","protected":false},"featured_media":12343,"template":"","meta":[],"product_brand":[],"product_cat":[282,323,321],"product_tag":[],"class_list":{"0":"post-13499","1":"product","2":"type-product","3":"status-publish","4":"has-post-thumbnail","6":"product_cat-a-colecao-fracture","7":"product_cat-desert-eagle-pt-pt","8":"product_cat-pistolas","9":"pa_rarity-secreto","10":"pa_start-five-stars-pt-pt","11":"pa_subcategories-desert-eagle-pt-pt","13":"first","14":"instock","15":"shipping-taxable","16":"purchasable","17":"product-type-simple"},"_links":{"self":[{"href":"https:\/\/skintrade.org\/pt-pt\/wp-json\/wp\/v2\/product\/13499","targetHints":{"allow":["GET"]}}],"collection":[{"href":"https:\/\/skintrade.org\/pt-pt\/wp-json\/wp\/v2\/product"}],"about":[{"href":"https:\/\/skintrade.org\/pt-pt\/wp-json\/wp\/v2\/types\/product"}],"wp:featuredmedia":[{"embeddable":true,"href":"https:\/\/skintrade.org\/pt-pt\/wp-json\/wp\/v2\/media\/12343"}],"wp:attachment":[{"href":"https:\/\/skintrade.org\/pt-pt\/wp-json\/wp\/v2\/media?parent=13499"}],"wp:term":[{"taxonomy":"product_brand","embeddable":true,"href":"https:\/\/skintrade.org\/pt-pt\/wp-json\/wp\/v2\/product_brand?post=13499"},{"taxonomy":"product_cat","embeddable":true,"href":"https:\/\/skintrade.org\/pt-pt\/wp-json\/wp\/v2\/product_cat?post=13499"},{"taxonomy":"product_tag","embeddable":true,"href":"https:\/\/skintrade.org\/pt-pt\/wp-json\/wp\/v2\/product_tag?post=13499"}],"curies":[{"name":"wp","href":"https:\/\/api.w.org\/{rel}","templated":true}]}}