{"id":13498,"date":"2022-09-15T14:16:31","date_gmt":"2022-09-15T14:16:31","guid":{"rendered":"https:\/\/skin2go.r-s.space\/product\/glock-18-vogue\/"},"modified":"2025-08-21T13:49:08","modified_gmt":"2025-08-21T13:49:08","slug":"glock-18-vogue","status":"publish","type":"product","link":"https:\/\/skintrade.org\/pt-pt\/produto\/glock-18-vogue\/","title":{"rendered":"Vogue"},"content":{"rendered":"<p>O design da skin \u00e9 feito em estilo pop art. O elemento principal da composi\u00e7\u00e3o s\u00e3o os olhos azuis pintados na l\u00e2mina. O esquema de cores do padr\u00e3o inclui tons brilhantes de vermelho e roxo. O design \u00e9 complementado por acentos amarelos e laranja.<\/p>\n","protected":false},"excerpt":{"rendered":"<p>O design da skin \u00e9 feito em estilo pop art. O elemento principal da composi\u00e7\u00e3o s\u00e3o os olhos azuis pintados na l\u00e2mina. O esquema de cores do padr\u00e3o inclui tons brilhantes de vermelho e roxo. O design \u00e9 complementado por acentos amarelos e laranja.<\/p>\n","protected":false},"featured_media":12349,"template":"","meta":[],"product_brand":[],"product_cat":[282,326,321],"product_tag":[],"class_list":{"0":"post-13498","1":"product","2":"type-product","3":"status-publish","4":"has-post-thumbnail","6":"product_cat-a-colecao-fracture","7":"product_cat-glock-18-pt-pt","8":"product_cat-pistolas","9":"pa_rarity-confidencial","10":"pa_start-five-stars-pt-pt","11":"pa_subcategories-glock-18-pt-pt","13":"first","14":"instock","15":"shipping-taxable","16":"purchasable","17":"product-type-simple"},"_links":{"self":[{"href":"https:\/\/skintrade.org\/pt-pt\/wp-json\/wp\/v2\/product\/13498","targetHints":{"allow":["GET"]}}],"collection":[{"href":"https:\/\/skintrade.org\/pt-pt\/wp-json\/wp\/v2\/product"}],"about":[{"href":"https:\/\/skintrade.org\/pt-pt\/wp-json\/wp\/v2\/types\/product"}],"wp:featuredmedia":[{"embeddable":true,"href":"https:\/\/skintrade.org\/pt-pt\/wp-json\/wp\/v2\/media\/12349"}],"wp:attachment":[{"href":"https:\/\/skintrade.org\/pt-pt\/wp-json\/wp\/v2\/media?parent=13498"}],"wp:term":[{"taxonomy":"product_brand","embeddable":true,"href":"https:\/\/skintrade.org\/pt-pt\/wp-json\/wp\/v2\/product_brand?post=13498"},{"taxonomy":"product_cat","embeddable":true,"href":"https:\/\/skintrade.org\/pt-pt\/wp-json\/wp\/v2\/product_cat?post=13498"},{"taxonomy":"product_tag","embeddable":true,"href":"https:\/\/skintrade.org\/pt-pt\/wp-json\/wp\/v2\/product_tag?post=13498"}],"curies":[{"name":"wp","href":"https:\/\/api.w.org\/{rel}","templated":true}]}}