{"id":13497,"date":"2022-09-15T14:20:04","date_gmt":"2022-09-15T14:20:04","guid":{"rendered":"https:\/\/skin2go.r-s.space\/product\/m4a4-tooth-fairy\/"},"modified":"2025-08-21T13:49:01","modified_gmt":"2025-08-21T13:49:01","slug":"m4a4-tooth-fairy","status":"publish","type":"product","link":"https:\/\/skintrade.org\/pt-pt\/produto\/m4a4-tooth-fairy\/","title":{"rendered":"Tooth Fairy"},"content":{"rendered":"<p>Todo o corpo da arma est\u00e1 pintado de forma irregular em tons ba\u00e7os de vermelho, verde e bege. A parte central da espingarda est\u00e1 decorada com uma imagem assustadora da Fada dos Dentes. A parte inferior do carregador \u00e9 complementada com v\u00e1rias inscri\u00e7\u00f5es manuscritas. O desenho apresenta numerosos pequenos pormenores sob a forma de insectos e dentes humanos.<\/p>\n","protected":false},"excerpt":{"rendered":"<p>Todo o corpo da arma est\u00e1 pintado de forma irregular em tons ba\u00e7os de vermelho, verde e bege. A parte central da espingarda est\u00e1 decorada com uma imagem assustadora da Fada dos Dentes. A parte inferior do carregador \u00e9 complementada com v\u00e1rias inscri\u00e7\u00f5es manuscritas. O desenho apresenta numerosos pequenos pormenores sob a forma de insectos [&#8230;]\n","protected":false},"featured_media":12352,"template":"","meta":[],"product_brand":[],"product_cat":[282,269,338],"product_tag":[],"class_list":{"0":"post-13497","1":"product","2":"type-product","3":"status-publish","4":"has-post-thumbnail","6":"product_cat-a-colecao-fracture","7":"product_cat-espingarda","8":"product_cat-m4a4-pt-pt","9":"pa_rarity-confidencial","10":"pa_start-three-stars-pt-pt","11":"pa_subcategories-m4a4-pt-pt","13":"first","14":"instock","15":"shipping-taxable","16":"purchasable","17":"product-type-simple"},"_links":{"self":[{"href":"https:\/\/skintrade.org\/pt-pt\/wp-json\/wp\/v2\/product\/13497","targetHints":{"allow":["GET"]}}],"collection":[{"href":"https:\/\/skintrade.org\/pt-pt\/wp-json\/wp\/v2\/product"}],"about":[{"href":"https:\/\/skintrade.org\/pt-pt\/wp-json\/wp\/v2\/types\/product"}],"wp:featuredmedia":[{"embeddable":true,"href":"https:\/\/skintrade.org\/pt-pt\/wp-json\/wp\/v2\/media\/12352"}],"wp:attachment":[{"href":"https:\/\/skintrade.org\/pt-pt\/wp-json\/wp\/v2\/media?parent=13497"}],"wp:term":[{"taxonomy":"product_brand","embeddable":true,"href":"https:\/\/skintrade.org\/pt-pt\/wp-json\/wp\/v2\/product_brand?post=13497"},{"taxonomy":"product_cat","embeddable":true,"href":"https:\/\/skintrade.org\/pt-pt\/wp-json\/wp\/v2\/product_cat?post=13497"},{"taxonomy":"product_tag","embeddable":true,"href":"https:\/\/skintrade.org\/pt-pt\/wp-json\/wp\/v2\/product_tag?post=13497"}],"curies":[{"name":"wp","href":"https:\/\/api.w.org\/{rel}","templated":true}]}}