{"id":13496,"date":"2022-09-15T14:25:01","date_gmt":"2022-09-15T14:25:01","guid":{"rendered":"https:\/\/skin2go.r-s.space\/product\/xm1014-entombed\/"},"modified":"2025-08-21T13:49:01","modified_gmt":"2025-08-21T13:49:01","slug":"xm1014-entombed","status":"publish","type":"product","link":"https:\/\/skintrade.org\/pt-pt\/produto\/xm1014-entombed\/","title":{"rendered":"Entombed"},"content":{"rendered":"<p>O desenho da skin assemelha-se \u00e0 decora\u00e7\u00e3o dos t\u00famulos eg\u00edpcios. A parte central da espingarda \u00e9 adornada com um padr\u00e3o que imita riscas azuis entrela\u00e7adas de tecido. O resto da arma \u00e9 pintado de bege e complementado com ornamentos eg\u00edpcios antigos multicoloridos.<\/p>\n","protected":false},"excerpt":{"rendered":"<p>O desenho da skin assemelha-se \u00e0 decora\u00e7\u00e3o dos t\u00famulos eg\u00edpcios. A parte central da espingarda \u00e9 adornada com um padr\u00e3o que imita riscas azuis entrela\u00e7adas de tecido. O resto da arma \u00e9 pintado de bege e complementado com ornamentos eg\u00edpcios antigos multicoloridos.<\/p>\n","protected":false},"featured_media":12355,"template":"","meta":[],"product_brand":[],"product_cat":[282,294,300],"product_tag":[],"class_list":{"0":"post-13496","1":"product","2":"type-product","3":"status-publish","4":"has-post-thumbnail","6":"product_cat-a-colecao-fracture","7":"product_cat-arma-pesada","8":"product_cat-xm1014-pt-pt","9":"pa_rarity-confidencial","10":"pa_start-five-stars-pt-pt","11":"pa_subcategories-xm1014-pt-pt","13":"first","14":"instock","15":"shipping-taxable","16":"purchasable","17":"product-type-simple"},"_links":{"self":[{"href":"https:\/\/skintrade.org\/pt-pt\/wp-json\/wp\/v2\/product\/13496","targetHints":{"allow":["GET"]}}],"collection":[{"href":"https:\/\/skintrade.org\/pt-pt\/wp-json\/wp\/v2\/product"}],"about":[{"href":"https:\/\/skintrade.org\/pt-pt\/wp-json\/wp\/v2\/types\/product"}],"wp:featuredmedia":[{"embeddable":true,"href":"https:\/\/skintrade.org\/pt-pt\/wp-json\/wp\/v2\/media\/12355"}],"wp:attachment":[{"href":"https:\/\/skintrade.org\/pt-pt\/wp-json\/wp\/v2\/media?parent=13496"}],"wp:term":[{"taxonomy":"product_brand","embeddable":true,"href":"https:\/\/skintrade.org\/pt-pt\/wp-json\/wp\/v2\/product_brand?post=13496"},{"taxonomy":"product_cat","embeddable":true,"href":"https:\/\/skintrade.org\/pt-pt\/wp-json\/wp\/v2\/product_cat?post=13496"},{"taxonomy":"product_tag","embeddable":true,"href":"https:\/\/skintrade.org\/pt-pt\/wp-json\/wp\/v2\/product_tag?post=13496"}],"curies":[{"name":"wp","href":"https:\/\/api.w.org\/{rel}","templated":true}]}}