{"id":13495,"date":"2022-09-15T14:28:16","date_gmt":"2022-09-15T14:28:16","guid":{"rendered":"https:\/\/skin2go.r-s.space\/product\/mag-7-monster-call\/"},"modified":"2025-08-21T13:49:09","modified_gmt":"2025-08-21T13:49:09","slug":"mag-7-monster-call","status":"publish","type":"product","link":"https:\/\/skintrade.org\/pt-pt\/produto\/mag-7-monster-call\/","title":{"rendered":"Monster Call"},"content":{"rendered":"<p>O desenho da skin \u00e9 feito num estilo de desenho animado. Todo o corpo da espingarda \u00e9 pintado de forma irregular em v\u00e1rios tons de azul e adornado com um padr\u00e3o de bolhas e linhas onduladas. O elemento principal da composi\u00e7\u00e3o \u00e9 a imagem de um tubar\u00e3o-monstro verde com a boca aberta, rodeado de pequenas criaturas marinhas. O protector de m\u00e3o \u00e9 complementado com a imagem de um peixe roxo com a boca aberta cheia de dentes afiados. Pequenos peixes predadores s\u00e3o tamb\u00e9m pintados noutras partes do corpo.<\/p>\n","protected":false},"excerpt":{"rendered":"<p>O desenho da skin \u00e9 feito num estilo de desenho animado. Todo o corpo da espingarda \u00e9 pintado de forma irregular em v\u00e1rios tons de azul e adornado com um padr\u00e3o de bolhas e linhas onduladas. O elemento principal da composi\u00e7\u00e3o \u00e9 a imagem de um tubar\u00e3o-monstro verde com a boca aberta, rodeado de pequenas [&#8230;]\n","protected":false},"featured_media":12358,"template":"","meta":[],"product_brand":[],"product_cat":[282,294,296],"product_tag":[],"class_list":{"0":"post-13495","1":"product","2":"type-product","3":"status-publish","4":"has-post-thumbnail","6":"product_cat-a-colecao-fracture","7":"product_cat-arma-pesada","8":"product_cat-mag-7-pt-pt","9":"pa_rarity-restrito","10":"pa_start-five-stars-pt-pt","11":"pa_subcategories-mag-7-pt-pt","13":"first","14":"instock","15":"shipping-taxable","16":"purchasable","17":"product-type-simple"},"_links":{"self":[{"href":"https:\/\/skintrade.org\/pt-pt\/wp-json\/wp\/v2\/product\/13495","targetHints":{"allow":["GET"]}}],"collection":[{"href":"https:\/\/skintrade.org\/pt-pt\/wp-json\/wp\/v2\/product"}],"about":[{"href":"https:\/\/skintrade.org\/pt-pt\/wp-json\/wp\/v2\/types\/product"}],"wp:featuredmedia":[{"embeddable":true,"href":"https:\/\/skintrade.org\/pt-pt\/wp-json\/wp\/v2\/media\/12358"}],"wp:attachment":[{"href":"https:\/\/skintrade.org\/pt-pt\/wp-json\/wp\/v2\/media?parent=13495"}],"wp:term":[{"taxonomy":"product_brand","embeddable":true,"href":"https:\/\/skintrade.org\/pt-pt\/wp-json\/wp\/v2\/product_brand?post=13495"},{"taxonomy":"product_cat","embeddable":true,"href":"https:\/\/skintrade.org\/pt-pt\/wp-json\/wp\/v2\/product_cat?post=13495"},{"taxonomy":"product_tag","embeddable":true,"href":"https:\/\/skintrade.org\/pt-pt\/wp-json\/wp\/v2\/product_tag?post=13495"}],"curies":[{"name":"wp","href":"https:\/\/api.w.org\/{rel}","templated":true}]}}