{"id":13494,"date":"2022-09-15T14:35:06","date_gmt":"2022-09-15T14:35:06","guid":{"rendered":"https:\/\/skin2go.r-s.space\/product\/mac-10-allure\/"},"modified":"2025-08-21T13:49:02","modified_gmt":"2025-08-21T13:49:02","slug":"mac-10-allure","status":"publish","type":"product","link":"https:\/\/skintrade.org\/pt-pt\/produto\/mac-10-allure\/","title":{"rendered":"Allure"},"content":{"rendered":"<p>O desenho da skin \u00e9 feito ao estilo da pintura tradicional japonesa. O elemento central da composi\u00e7\u00e3o \u00e9 uma imagem do esp\u00edrito japon\u00eas iso onna, pintado como uma rapariga de cabelo escuro com roupa azul-petr\u00f3leo. O desenho apresenta uma imagem de uma carpa rodeada de ondas furiosas. Parte do punho e o cinto est\u00e3o pintados com um padr\u00e3o de carac\u00f3is bege. O carregador e as pequenas partes da arma n\u00e3o est\u00e3o pintados.<\/p>\n","protected":false},"excerpt":{"rendered":"<p>O desenho da skin \u00e9 feito ao estilo da pintura tradicional japonesa. O elemento central da composi\u00e7\u00e3o \u00e9 uma imagem do esp\u00edrito japon\u00eas iso onna, pintado como uma rapariga de cabelo escuro com roupa azul-petr\u00f3leo. O desenho apresenta uma imagem de uma carpa rodeada de ondas furiosas. Parte do punho e o cinto est\u00e3o pintados [&#8230;]\n","protected":false},"featured_media":12364,"template":"","meta":[],"product_brand":[],"product_cat":[282,343,342],"product_tag":[],"class_list":{"0":"post-13494","1":"product","2":"type-product","3":"status-publish","4":"has-post-thumbnail","6":"product_cat-a-colecao-fracture","7":"product_cat-mac-10-pt-pt","8":"product_cat-submetralhadoras","9":"pa_rarity-restrito","10":"pa_start-one-star-pt-pt","11":"pa_subcategories-mac-10-pt-pt","13":"first","14":"instock","15":"shipping-taxable","16":"purchasable","17":"product-type-simple"},"_links":{"self":[{"href":"https:\/\/skintrade.org\/pt-pt\/wp-json\/wp\/v2\/product\/13494","targetHints":{"allow":["GET"]}}],"collection":[{"href":"https:\/\/skintrade.org\/pt-pt\/wp-json\/wp\/v2\/product"}],"about":[{"href":"https:\/\/skintrade.org\/pt-pt\/wp-json\/wp\/v2\/types\/product"}],"wp:featuredmedia":[{"embeddable":true,"href":"https:\/\/skintrade.org\/pt-pt\/wp-json\/wp\/v2\/media\/12364"}],"wp:attachment":[{"href":"https:\/\/skintrade.org\/pt-pt\/wp-json\/wp\/v2\/media?parent=13494"}],"wp:term":[{"taxonomy":"product_brand","embeddable":true,"href":"https:\/\/skintrade.org\/pt-pt\/wp-json\/wp\/v2\/product_brand?post=13494"},{"taxonomy":"product_cat","embeddable":true,"href":"https:\/\/skintrade.org\/pt-pt\/wp-json\/wp\/v2\/product_cat?post=13494"},{"taxonomy":"product_tag","embeddable":true,"href":"https:\/\/skintrade.org\/pt-pt\/wp-json\/wp\/v2\/product_tag?post=13494"}],"curies":[{"name":"wp","href":"https:\/\/api.w.org\/{rel}","templated":true}]}}