{"id":13493,"date":"2022-09-15T14:32:13","date_gmt":"2022-09-15T14:32:13","guid":{"rendered":"https:\/\/skin2go.r-s.space\/product\/mp5-sd-kitbash\/"},"modified":"2025-08-21T13:49:06","modified_gmt":"2025-08-21T13:49:06","slug":"mp5-sd-kitbash","status":"publish","type":"product","link":"https:\/\/skintrade.org\/pt-pt\/produto\/mp5-sd-kitbash\/","title":{"rendered":"Kitbash"},"content":{"rendered":"<p>Este design remete para v\u00e1rios visuais do CS:GO dos \u00faltimos anos. O corpo da arma \u00e9 parcialmente pintado de azul e complementado com detalhes amarelos localizados na coronha e no cano. A parte do corpo pintada de azul \u00e9 adornada com um fragmento do log\u00f3tipo antiterrorista. As partes individuais da submetralhadora est\u00e3o decoradas com fita adesiva branca e vermelha. O cano \u00e9 complementado com a inscri\u00e7\u00e3o &#8220;SHHH&#8221; escrita com marcador preto. Toda a skin \u00e9 envelhecida artificialmente.<\/p>\n","protected":false},"excerpt":{"rendered":"<p>Este design remete para v\u00e1rios visuais do CS:GO dos \u00faltimos anos. O corpo da arma \u00e9 parcialmente pintado de azul e complementado com detalhes amarelos localizados na coronha e no cano. A parte do corpo pintada de azul \u00e9 adornada com um fragmento do log\u00f3tipo antiterrorista. As partes individuais da submetralhadora est\u00e3o decoradas com fita [&#8230;]\n","protected":false},"featured_media":12361,"template":"","meta":[],"product_brand":[],"product_cat":[282,344,342],"product_tag":[],"class_list":{"0":"post-13493","1":"product","2":"type-product","3":"status-publish","4":"has-post-thumbnail","6":"product_cat-a-colecao-fracture","7":"product_cat-mp5-sd-pt-pt","8":"product_cat-submetralhadoras","9":"pa_rarity-restrito","10":"pa_start-four-stars-pt-pt","11":"pa_subcategories-mp5-sd-pt-pt","13":"first","14":"instock","15":"shipping-taxable","16":"purchasable","17":"product-type-simple"},"_links":{"self":[{"href":"https:\/\/skintrade.org\/pt-pt\/wp-json\/wp\/v2\/product\/13493","targetHints":{"allow":["GET"]}}],"collection":[{"href":"https:\/\/skintrade.org\/pt-pt\/wp-json\/wp\/v2\/product"}],"about":[{"href":"https:\/\/skintrade.org\/pt-pt\/wp-json\/wp\/v2\/types\/product"}],"wp:featuredmedia":[{"embeddable":true,"href":"https:\/\/skintrade.org\/pt-pt\/wp-json\/wp\/v2\/media\/12361"}],"wp:attachment":[{"href":"https:\/\/skintrade.org\/pt-pt\/wp-json\/wp\/v2\/media?parent=13493"}],"wp:term":[{"taxonomy":"product_brand","embeddable":true,"href":"https:\/\/skintrade.org\/pt-pt\/wp-json\/wp\/v2\/product_brand?post=13493"},{"taxonomy":"product_cat","embeddable":true,"href":"https:\/\/skintrade.org\/pt-pt\/wp-json\/wp\/v2\/product_cat?post=13493"},{"taxonomy":"product_tag","embeddable":true,"href":"https:\/\/skintrade.org\/pt-pt\/wp-json\/wp\/v2\/product_tag?post=13493"}],"curies":[{"name":"wp","href":"https:\/\/api.w.org\/{rel}","templated":true}]}}