{"id":13492,"date":"2022-09-15T14:38:41","date_gmt":"2022-09-15T14:38:41","guid":{"rendered":"https:\/\/skin2go.r-s.space\/product\/galil-ar-connexion\/"},"modified":"2025-08-21T13:48:59","modified_gmt":"2025-08-21T13:48:59","slug":"galil-ar-connexion","status":"publish","type":"product","link":"https:\/\/skintrade.org\/pt-pt\/produto\/galil-ar-connexion\/","title":{"rendered":"Connexion"},"content":{"rendered":"<p>O cano e a coronha da espingarda est\u00e3o revestidos com tinta cinzenta clara e adornados com os log\u00f3tipos da fac\u00e7\u00e3o Phoenix Connexion pintados com um est\u00eancil. O nome da fac\u00e7\u00e3o tamb\u00e9m est\u00e1 presente na coronha. O guarda-m\u00e3o e v\u00e1rias pequenas partes do corpo est\u00e3o revestidos com tinta met\u00e1lica vermelha. Duas riscas brancas cruzadas s\u00e3o pintadas a pincel no guarda-m\u00e3o. O carregador, a pega e o cano n\u00e3o est\u00e3o pintados. O desenho da skin \u00e9 dedicado \u00e0 fac\u00e7\u00e3o terrorista mais antiga do jogo.<\/p>\n","protected":false},"excerpt":{"rendered":"<p>O cano e a coronha da espingarda est\u00e3o revestidos com tinta cinzenta clara e adornados com os log\u00f3tipos da fac\u00e7\u00e3o Phoenix Connexion pintados com um est\u00eancil. O nome da fac\u00e7\u00e3o tamb\u00e9m est\u00e1 presente na coronha. O guarda-m\u00e3o e v\u00e1rias pequenas partes do corpo est\u00e3o revestidos com tinta met\u00e1lica vermelha. Duas riscas brancas cruzadas s\u00e3o pintadas [&#8230;]\n","protected":false},"featured_media":12367,"template":"","meta":[],"product_brand":[],"product_cat":[282,269,336],"product_tag":[],"class_list":{"0":"post-13492","1":"product","2":"type-product","3":"status-publish","4":"has-post-thumbnail","6":"product_cat-a-colecao-fracture","7":"product_cat-espingarda","8":"product_cat-galil-ar-pt-pt","9":"pa_rarity-restrito","10":"pa_subcategories-galil-ar-pt-pt","12":"first","13":"instock","14":"shipping-taxable","15":"purchasable","16":"product-type-simple"},"_links":{"self":[{"href":"https:\/\/skintrade.org\/pt-pt\/wp-json\/wp\/v2\/product\/13492","targetHints":{"allow":["GET"]}}],"collection":[{"href":"https:\/\/skintrade.org\/pt-pt\/wp-json\/wp\/v2\/product"}],"about":[{"href":"https:\/\/skintrade.org\/pt-pt\/wp-json\/wp\/v2\/types\/product"}],"wp:featuredmedia":[{"embeddable":true,"href":"https:\/\/skintrade.org\/pt-pt\/wp-json\/wp\/v2\/media\/12367"}],"wp:attachment":[{"href":"https:\/\/skintrade.org\/pt-pt\/wp-json\/wp\/v2\/media?parent=13492"}],"wp:term":[{"taxonomy":"product_brand","embeddable":true,"href":"https:\/\/skintrade.org\/pt-pt\/wp-json\/wp\/v2\/product_brand?post=13492"},{"taxonomy":"product_cat","embeddable":true,"href":"https:\/\/skintrade.org\/pt-pt\/wp-json\/wp\/v2\/product_cat?post=13492"},{"taxonomy":"product_tag","embeddable":true,"href":"https:\/\/skintrade.org\/pt-pt\/wp-json\/wp\/v2\/product_tag?post=13492"}],"curies":[{"name":"wp","href":"https:\/\/api.w.org\/{rel}","templated":true}]}}