{"id":13491,"date":"2022-09-15T14:42:03","date_gmt":"2022-09-15T14:42:03","guid":{"rendered":"https:\/\/skin2go.r-s.space\/product\/tec-9-brother\/"},"modified":"2025-08-21T13:48:34","modified_gmt":"2025-08-21T13:48:34","slug":"tec-9-brother","status":"publish","type":"product","link":"https:\/\/skintrade.org\/pt-pt\/produto\/tec-9-brother\/","title":{"rendered":"Brother"},"content":{"rendered":"<p>O corpo da submetralhadora est\u00e1 parcialmente decorado com um padr\u00e3o de camuflagem num esquema de cores amarelo e castanho. O carregador n\u00e3o est\u00e1 pintado e est\u00e1 decorado com fita adesiva vermelha. A parte de tr\u00e1s do receptor est\u00e1 decorada com uma imagem da cabe\u00e7a de um terrorista. O punho, sem pintura, apresenta um s\u00edmbolo com o log\u00f3tipo do terrorista.<\/p>\n","protected":false},"excerpt":{"rendered":"<p>O corpo da submetralhadora est\u00e1 parcialmente decorado com um padr\u00e3o de camuflagem num esquema de cores amarelo e castanho. O carregador n\u00e3o est\u00e1 pintado e est\u00e1 decorado com fita adesiva vermelha. A parte de tr\u00e1s do receptor est\u00e1 decorada com uma imagem da cabe\u00e7a de um terrorista. O punho, sem pintura, apresenta um s\u00edmbolo com [&#8230;]\n","protected":false},"featured_media":12370,"template":"","meta":[],"product_brand":[],"product_cat":[282,321,330],"product_tag":[],"class_list":{"0":"post-13491","1":"product","2":"type-product","3":"status-publish","4":"has-post-thumbnail","6":"product_cat-a-colecao-fracture","7":"product_cat-pistolas","8":"product_cat-tec-9-pt-pt","9":"pa_rarity-restrito","10":"pa_start-five-stars-pt-pt","11":"pa_subcategories-tec-9-pt-pt","13":"first","14":"instock","15":"shipping-taxable","16":"purchasable","17":"product-type-simple"},"_links":{"self":[{"href":"https:\/\/skintrade.org\/pt-pt\/wp-json\/wp\/v2\/product\/13491","targetHints":{"allow":["GET"]}}],"collection":[{"href":"https:\/\/skintrade.org\/pt-pt\/wp-json\/wp\/v2\/product"}],"about":[{"href":"https:\/\/skintrade.org\/pt-pt\/wp-json\/wp\/v2\/types\/product"}],"wp:featuredmedia":[{"embeddable":true,"href":"https:\/\/skintrade.org\/pt-pt\/wp-json\/wp\/v2\/media\/12370"}],"wp:attachment":[{"href":"https:\/\/skintrade.org\/pt-pt\/wp-json\/wp\/v2\/media?parent=13491"}],"wp:term":[{"taxonomy":"product_brand","embeddable":true,"href":"https:\/\/skintrade.org\/pt-pt\/wp-json\/wp\/v2\/product_brand?post=13491"},{"taxonomy":"product_cat","embeddable":true,"href":"https:\/\/skintrade.org\/pt-pt\/wp-json\/wp\/v2\/product_cat?post=13491"},{"taxonomy":"product_tag","embeddable":true,"href":"https:\/\/skintrade.org\/pt-pt\/wp-json\/wp\/v2\/product_tag?post=13491"}],"curies":[{"name":"wp","href":"https:\/\/api.w.org\/{rel}","templated":true}]}}