{"id":13490,"date":"2022-09-15T14:48:38","date_gmt":"2022-09-15T14:48:38","guid":{"rendered":"https:\/\/skin2go.r-s.space\/product\/p250-cassette\/"},"modified":"2023-04-27T17:39:35","modified_gmt":"2023-04-27T17:39:35","slug":"p250-cassette","status":"publish","type":"product","link":"https:\/\/skintrade.org\/pt-pt\/produto\/p250-cassette\/","title":{"rendered":"Cassette"},"content":{"rendered":"<p>O design do skin \u00e9 inspirado nas embalagens de cassetes de v\u00eddeo da d\u00e9cada de 1990. O cursor \u00e9 pintado de cinzento s\u00f3lido e adornado com riscas horizontais de amarelo, vermelho e roxo. A parte central do selector \u00e9 complementada com uma inscri\u00e7\u00e3o japonesa branca.<\/p>\n","protected":false},"excerpt":{"rendered":"<p>O design do skin \u00e9 inspirado nas embalagens de cassetes de v\u00eddeo da d\u00e9cada de 1990. O cursor \u00e9 pintado de cinzento s\u00f3lido e adornado com riscas horizontais de amarelo, vermelho e roxo. A parte central do selector \u00e9 complementada com uma inscri\u00e7\u00e3o japonesa branca.<\/p>\n","protected":false},"featured_media":12376,"template":"","meta":[],"product_brand":[],"product_cat":[282,328,321],"product_tag":[],"class_list":{"0":"post-13490","1":"product","2":"type-product","3":"status-publish","4":"has-post-thumbnail","6":"product_cat-a-colecao-fracture","7":"product_cat-p250-pt-pt","8":"product_cat-pistolas","9":"pa_rarity-padrao-militar","10":"pa_start-four-stars-pt-pt","11":"pa_subcategories-p250-pt-pt","13":"first","14":"instock","15":"shipping-taxable","16":"purchasable","17":"product-type-simple"},"_links":{"self":[{"href":"https:\/\/skintrade.org\/pt-pt\/wp-json\/wp\/v2\/product\/13490","targetHints":{"allow":["GET"]}}],"collection":[{"href":"https:\/\/skintrade.org\/pt-pt\/wp-json\/wp\/v2\/product"}],"about":[{"href":"https:\/\/skintrade.org\/pt-pt\/wp-json\/wp\/v2\/types\/product"}],"wp:featuredmedia":[{"embeddable":true,"href":"https:\/\/skintrade.org\/pt-pt\/wp-json\/wp\/v2\/media\/12376"}],"wp:attachment":[{"href":"https:\/\/skintrade.org\/pt-pt\/wp-json\/wp\/v2\/media?parent=13490"}],"wp:term":[{"taxonomy":"product_brand","embeddable":true,"href":"https:\/\/skintrade.org\/pt-pt\/wp-json\/wp\/v2\/product_brand?post=13490"},{"taxonomy":"product_cat","embeddable":true,"href":"https:\/\/skintrade.org\/pt-pt\/wp-json\/wp\/v2\/product_cat?post=13490"},{"taxonomy":"product_tag","embeddable":true,"href":"https:\/\/skintrade.org\/pt-pt\/wp-json\/wp\/v2\/product_tag?post=13490"}],"curies":[{"name":"wp","href":"https:\/\/api.w.org\/{rel}","templated":true}]}}